{"id":169,"date":"2017-06-17T02:38:03","date_gmt":"2017-06-17T00:38:03","guid":{"rendered":"http:\/\/iberica.info\/?page_id=169"},"modified":"2018-09-17T16:47:23","modified_gmt":"2018-09-17T14:47:23","slug":"cours-stages-2","status":"publish","type":"page","link":"https:\/\/iberica.info\/index.php\/cours-stages-2\/","title":{"rendered":"COURS \/ STAGES"},"content":{"rendered":"<p>Le Centre culturel Ib\u00e9rique des Hauts de France propose des cours annuels pour les adh\u00e9rents de l&#8217;association.<\/p>\n<p>Au programme :<\/p>\n<ul>\n<li>Cours de Langues Espagnole et Portugaise<\/li>\n<li>Cours &amp; Stages de d\u00e9couverte de la danse Flamenco, S\u00e9villane, Salsa Orientale, Folklorique Portugaise<\/li>\n<li>Stages de pratique du Caj\u00f3n et de la guitare Espagnole ou Flamenco.<\/li>\n<li>Stages de Chant Flamenco, Espagnol ou Portugais.LES COURS ANNUELS DE IB\u00c9RICA<br \/>\n<em>INSCRIPTIONS TOUTE L&#8217;ANN\u00c9E &#8211; TOUS NIVEAUX &#8211; P\u00c9DAGOGIE DIFF\u00c9RENCI\u00c9E<\/em><\/li>\n<\/ul>\n","protected":false},"excerpt":{"rendered":"<p>Le Centre culturel Ib\u00e9rique des Hauts de France propose des cours annuels pour les adh\u00e9rents de l&#8217;association. Au programme : Cours de Langues Espagnole et Portugaise Cours &amp; Stages de d\u00e9couverte de la danse Flamenco, S\u00e9villane, Salsa Orientale, Folklorique Portugaise Stages de pratique du Caj\u00f3n et de la guitare Espagnole ou Flamenco. Stages de Chant [&hellip;]<\/p>\n","protected":false},"author":1,"featured_media":0,"parent":0,"menu_order":0,"comment_status":"closed","ping_status":"closed","template":"","meta":{"_mi_skip_tracking":false,"ngg_post_thumbnail":0},"yoast_head":"<!-- This site is optimized with the Yoast SEO plugin v18.9 - https:\/\/yoast.com\/wordpress\/plugins\/seo\/ -->\n<title>COURS \/ STAGES - Ib\u00e9rica Centre de Culture Art &amp; Danse<\/title>\n<meta name=\"robots\" content=\"index, follow, max-snippet:-1, max-image-preview:large, max-video-preview:-1\" \/>\n<link rel=\"canonical\" href=\"https:\/\/iberica.info\/index.php\/cours-stages-2\/\" \/>\n<meta property=\"og:locale\" content=\"fr_FR\" \/>\n<meta property=\"og:type\" content=\"article\" \/>\n<meta property=\"og:title\" content=\"COURS \/ STAGES - Ib\u00e9rica Centre de Culture Art &amp; Danse\" \/>\n<meta property=\"og:description\" content=\"Le Centre culturel Ib\u00e9rique des Hauts de France propose des cours annuels pour les adh\u00e9rents de l&#8217;association. Au programme : Cours de Langues Espagnole et Portugaise Cours &amp; Stages de d\u00e9couverte de la danse Flamenco, S\u00e9villane, Salsa Orientale, Folklorique Portugaise Stages de pratique du Caj\u00f3n et de la guitare Espagnole ou Flamenco. Stages de Chant [&hellip;]\" \/>\n<meta property=\"og:url\" content=\"https:\/\/iberica.info\/index.php\/cours-stages-2\/\" \/>\n<meta property=\"og:site_name\" content=\"Ib\u00e9rica Centre de Culture Art &amp; Danse\" \/>\n<meta property=\"article:publisher\" content=\"https:\/\/www.facebook.com\/iberica.nord\" \/>\n<meta property=\"article:modified_time\" content=\"2018-09-17T14:47:23+00:00\" \/>\n<meta name=\"twitter:card\" content=\"summary\" \/>\n<script type=\"application\/ld+json\" class=\"yoast-schema-graph\">{\"@context\":\"https:\/\/schema.org\",\"@graph\":[{\"@type\":\"WebSite\",\"@id\":\"https:\/\/iberica.info\/#website\",\"url\":\"https:\/\/iberica.info\/\",\"name\":\"Ib\u00e9rica Centre de Culture Art &amp; Danse\",\"description\":\"Flamenco Fado Gypsy Espagne Portugal Hauts de France - France\",\"potentialAction\":[{\"@type\":\"SearchAction\",\"target\":{\"@type\":\"EntryPoint\",\"urlTemplate\":\"https:\/\/iberica.info\/?s={search_term_string}\"},\"query-input\":\"required name=search_term_string\"}],\"inLanguage\":\"fr-FR\"},{\"@type\":\"WebPage\",\"@id\":\"https:\/\/iberica.info\/index.php\/cours-stages-2\/#webpage\",\"url\":\"https:\/\/iberica.info\/index.php\/cours-stages-2\/\",\"name\":\"COURS \/ STAGES - Ib\u00e9rica Centre de Culture Art &amp; Danse\",\"isPartOf\":{\"@id\":\"https:\/\/iberica.info\/#website\"},\"datePublished\":\"2017-06-17T00:38:03+00:00\",\"dateModified\":\"2018-09-17T14:47:23+00:00\",\"breadcrumb\":{\"@id\":\"https:\/\/iberica.info\/index.php\/cours-stages-2\/#breadcrumb\"},\"inLanguage\":\"fr-FR\",\"potentialAction\":[{\"@type\":\"ReadAction\",\"target\":[\"https:\/\/iberica.info\/index.php\/cours-stages-2\/\"]}]},{\"@type\":\"BreadcrumbList\",\"@id\":\"https:\/\/iberica.info\/index.php\/cours-stages-2\/#breadcrumb\",\"itemListElement\":[{\"@type\":\"ListItem\",\"position\":1,\"name\":\"Accueil\",\"item\":\"https:\/\/iberica.info\/\"},{\"@type\":\"ListItem\",\"position\":2,\"name\":\"COURS \/ STAGES\"}]}]}<\/script>\n<!-- \/ Yoast SEO plugin. -->","yoast_head_json":{"title":"COURS \/ STAGES - Ib\u00e9rica Centre de Culture Art &amp; Danse","robots":{"index":"index","follow":"follow","max-snippet":"max-snippet:-1","max-image-preview":"max-image-preview:large","max-video-preview":"max-video-preview:-1"},"canonical":"https:\/\/iberica.info\/index.php\/cours-stages-2\/","og_locale":"fr_FR","og_type":"article","og_title":"COURS \/ STAGES - Ib\u00e9rica Centre de Culture Art &amp; Danse","og_description":"Le Centre culturel Ib\u00e9rique des Hauts de France propose des cours annuels pour les adh\u00e9rents de l&#8217;association. Au programme : Cours de Langues Espagnole et Portugaise Cours &amp; Stages de d\u00e9couverte de la danse Flamenco, S\u00e9villane, Salsa Orientale, Folklorique Portugaise Stages de pratique du Caj\u00f3n et de la guitare Espagnole ou Flamenco. Stages de Chant [&hellip;]","og_url":"https:\/\/iberica.info\/index.php\/cours-stages-2\/","og_site_name":"Ib\u00e9rica Centre de Culture Art &amp; Danse","article_publisher":"https:\/\/www.facebook.com\/iberica.nord","article_modified_time":"2018-09-17T14:47:23+00:00","twitter_card":"summary","schema":{"@context":"https:\/\/schema.org","@graph":[{"@type":"WebSite","@id":"https:\/\/iberica.info\/#website","url":"https:\/\/iberica.info\/","name":"Ib\u00e9rica Centre de Culture Art &amp; Danse","description":"Flamenco Fado Gypsy Espagne Portugal Hauts de France - France","potentialAction":[{"@type":"SearchAction","target":{"@type":"EntryPoint","urlTemplate":"https:\/\/iberica.info\/?s={search_term_string}"},"query-input":"required name=search_term_string"}],"inLanguage":"fr-FR"},{"@type":"WebPage","@id":"https:\/\/iberica.info\/index.php\/cours-stages-2\/#webpage","url":"https:\/\/iberica.info\/index.php\/cours-stages-2\/","name":"COURS \/ STAGES - Ib\u00e9rica Centre de Culture Art &amp; Danse","isPartOf":{"@id":"https:\/\/iberica.info\/#website"},"datePublished":"2017-06-17T00:38:03+00:00","dateModified":"2018-09-17T14:47:23+00:00","breadcrumb":{"@id":"https:\/\/iberica.info\/index.php\/cours-stages-2\/#breadcrumb"},"inLanguage":"fr-FR","potentialAction":[{"@type":"ReadAction","target":["https:\/\/iberica.info\/index.php\/cours-stages-2\/"]}]},{"@type":"BreadcrumbList","@id":"https:\/\/iberica.info\/index.php\/cours-stages-2\/#breadcrumb","itemListElement":[{"@type":"ListItem","position":1,"name":"Accueil","item":"https:\/\/iberica.info\/"},{"@type":"ListItem","position":2,"name":"COURS \/ STAGES"}]}]}},"_links":{"self":[{"href":"https:\/\/iberica.info\/index.php\/wp-json\/wp\/v2\/pages\/169"}],"collection":[{"href":"https:\/\/iberica.info\/index.php\/wp-json\/wp\/v2\/pages"}],"about":[{"href":"https:\/\/iberica.info\/index.php\/wp-json\/wp\/v2\/types\/page"}],"author":[{"embeddable":true,"href":"https:\/\/iberica.info\/index.php\/wp-json\/wp\/v2\/users\/1"}],"replies":[{"embeddable":true,"href":"https:\/\/iberica.info\/index.php\/wp-json\/wp\/v2\/comments?post=169"}],"version-history":[{"count":2,"href":"https:\/\/iberica.info\/index.php\/wp-json\/wp\/v2\/pages\/169\/revisions"}],"predecessor-version":[{"id":493,"href":"https:\/\/iberica.info\/index.php\/wp-json\/wp\/v2\/pages\/169\/revisions\/493"}],"wp:attachment":[{"href":"https:\/\/iberica.info\/index.php\/wp-json\/wp\/v2\/media?parent=169"}],"curies":[{"name":"wp","href":"https:\/\/api.w.org\/{rel}","templated":true}]}}