{"id":175,"date":"2021-06-13T03:04:17","date_gmt":"2021-06-13T01:04:17","guid":{"rendered":"http:\/\/iberica.info\/?page_id=175"},"modified":"2025-08-24T14:31:16","modified_gmt":"2025-08-24T12:31:16","slug":"cours-de-danse-flamenco-salsa-orientale-nord-pasdecalais-picardie-lille","status":"publish","type":"page","link":"https:\/\/iberica.info\/index.php\/cours-stages-2\/cours-de-danse-flamenco-salsa-orientale-nord-pasdecalais-picardie-lille\/","title":{"rendered":"COURS DE DANSE FLAMENCO"},"content":{"rendered":"\n<p>Les cours de Danse flamenco sont sous la direction chor\u00e9graphique de la danseuse chor\u00e9graphe professionnelle Estrella La Peli de Linares, la r\u00e9f\u00e9rence dans la r\u00e9gion Lilloise, Nord pas de Calais Picardie &#8211; Hauts de France.<\/p>\n\n\n\n<p>Ils se pr\u00e9sentent sous forme de sessions que vous composez \u00e0 la carte selon vos envies et possibilit\u00e9s. C&#8217;est le plus \u00e0 Ib\u00e9rica !<\/p>\n\n\n\n<figure class=\"wp-block-image size-large is-style-default\"><img loading=\"lazy\" width=\"724\" height=\"1024\" src=\"https:\/\/iberica.info\/wp-content\/uploads\/2025\/05\/25-26-IB-PS-DANSE-FLAMENCO-copy-724x1024.jpg\" alt=\"\" class=\"wp-image-1666\" srcset=\"https:\/\/iberica.info\/wp-content\/uploads\/2025\/05\/25-26-IB-PS-DANSE-FLAMENCO-copy-724x1024.jpg 724w, https:\/\/iberica.info\/wp-content\/uploads\/2025\/05\/25-26-IB-PS-DANSE-FLAMENCO-copy-212x300.jpg 212w, https:\/\/iberica.info\/wp-content\/uploads\/2025\/05\/25-26-IB-PS-DANSE-FLAMENCO-copy-768x1086.jpg 768w, https:\/\/iberica.info\/wp-content\/uploads\/2025\/05\/25-26-IB-PS-DANSE-FLAMENCO-copy-1086x1536.jpg 1086w, https:\/\/iberica.info\/wp-content\/uploads\/2025\/05\/25-26-IB-PS-DANSE-FLAMENCO-copy-1448x2048.jpg 1448w, https:\/\/iberica.info\/wp-content\/uploads\/2025\/05\/25-26-IB-PS-DANSE-FLAMENCO-copy-750x1061.jpg 750w, https:\/\/iberica.info\/wp-content\/uploads\/2025\/05\/25-26-IB-PS-DANSE-FLAMENCO-copy-scaled.jpg 1810w\" sizes=\"(max-width: 724px) 100vw, 724px\" \/><figcaption>COURS FLAMENCO SEVILLANES LILLE SECLIN NORD PAS DE CALAIS HAUTS DE FRANCE<\/figcaption><\/figure>\n\n\n\n<p><em><strong>Dates 2025-2026 :<\/strong><\/em><\/p>\n\n\n\n<p>28 SEPT : SEVILLANAS 1<br>16 NOV : SEVILLANAS 2<br>11 JANV : SEVILLANAS 3<br>15 MARS : SEVILLANAS 4<br>17 MAI : LES 4 SEVILLANAS<\/p>\n\n\n\n<p><strong>D\u00e9butants : <\/strong>les dimanches de 13-14h30 : aucune pratique ant\u00e9rieure exig\u00e9e <\/p>\n\n\n\n<p><strong>Non-d\u00e9butants :<\/strong> les dimanches 14h30-16h<\/p>\n\n\n\n<p><strong>Tarifs :<\/strong><br>20\u20ac*\/25\u20ac (le cours)<br>5 sessions (5h30) : 95\u20ac + 15\u20ac (cotis.)<\/p>\n\n\n\n<p><em>*tarifs r\u00e9duits adh\u00e9rents Ib\u00e9rica et Associations Flamencas<\/em> (sans distinction)<\/p>\n\n\n\n<p class=\"has-text-align-center\"><a href=\"https:\/\/www.helloasso.com\/associations\/iberica\/adhesions\/cours-danse-flamenco-sevillanas-seclin-lille-2025-26\"><strong>INSCRIPTIONS SUR HELLO ASSO <\/strong><\/a><\/p>\n\n\n\n<div class=\"wp-block-image\"><figure class=\"aligncenter size-full is-resized\"><img loading=\"lazy\" src=\"https:\/\/iberica.info\/wp-content\/uploads\/2025\/05\/25-26-IB-PS-DANSE-FLAMENCO-qrcode1.png\" alt=\"\" class=\"wp-image-1673\" width=\"140\" height=\"140\" srcset=\"https:\/\/iberica.info\/wp-content\/uploads\/2025\/05\/25-26-IB-PS-DANSE-FLAMENCO-qrcode1.png 600w, https:\/\/iberica.info\/wp-content\/uploads\/2025\/05\/25-26-IB-PS-DANSE-FLAMENCO-qrcode1-300x300.png 300w, https:\/\/iberica.info\/wp-content\/uploads\/2025\/05\/25-26-IB-PS-DANSE-FLAMENCO-qrcode1-150x150.png 150w\" sizes=\"(max-width: 140px) 100vw, 140px\" \/><\/figure><\/div>\n\n\n\n<p><strong>NB :<\/strong> &nbsp;<strong>LES COURS organis\u00e9s par Ib\u00e9rica sont TOUS donn\u00e9s par des artistes confirm\u00e9s en activit\u00e9, qui peuvent justifier d&#8217;une r\u00e9elle exp\u00e9rience, d&#8217;une activit\u00e9 r\u00e9guli\u00e8re dans l&#8217;ann\u00e9e de pratique de l&#8217;art.<\/strong><\/p>\n\n\n\n<p class=\"has-text-align-center\">Inscrivez-vous rapidement (places limit\u00e9es)<\/p>\n\n\n\n<p class=\"has-text-align-center\"><strong>iberica(@)live.fr ou tel : +33 (0)7 89 82 65 77<\/strong><\/p>\n\n\n\n<p class=\"has-text-align-center\"><a href=\"http:\/\/iberica.info\">iberica.info<\/a><\/p>\n\n\n\n<h4 class=\"has-luminous-vivid-amber-color has-text-color\">ACC\u00c9DER \u00e0 la PE\u00d1A SEDE IB\u00c9RICA<\/h4>\n\n\n\n<blockquote class=\"wp-block-quote\"><p><strong>ATTENTION : STATIONNEMENT OBLIGATOIRE DANS LA RUE DES MARTYRS ! <\/strong><\/p><p>Pour Acc\u00e8der \u00e0 la PE\u00d1A SEDE IB\u00c9RICA : entrez le num\u00e9ro 154 Rue des Martyrs dans le GPS, Stationnez le v\u00e9hicule \u00e0 proximit\u00e9<\/p><p>Empruntez l&#8217;all\u00e9e \u00e0 droite du num\u00e9ro 154 (ATTENTION NE PAS S&#8217;ADRESSER AU 154)<\/p><p>Au fond de l&#8217;all\u00e9e \u00e0 gauche : 3\u00e8me B\u00e2timent sur la gauche<\/p><cite><strong>AUCUN STATIONNEMENT DANS L&#8217;ALL\u00c9E : sous peine de Verbalisation !!!<\/strong><\/cite><\/blockquote>\n\n\n\n<p>NOUS TROUVER<br><iframe loading=\"lazy\" style=\"border: 0;\" src=\"https:\/\/www.google.com\/maps\/embed?pb=!1m18!1m12!1m3!1d1867.8215698493666!2d3.0176541782614343!3d50.55484644628423!2m3!1f0!2f0!3f0!3m2!1i1024!2i768!4f13.1!3m3!1m2!1s0x47c2d360572a74c9%3A0x11633e580a68eb38!2sIB%C3%89RICA%2C+Centre+Culturel+Ib%C3%A9rique+du+Nord!5e0!3m2!1sfr!2sfr!4v1497898084023\" allowfullscreen=\"allowfullscreen\" width=\"600\" height=\"450\" frameborder=\"0\"><\/iframe><\/p>\n","protected":false},"excerpt":{"rendered":"<p>Les cours de Danse flamenco sont sous la direction chor\u00e9graphique de la danseuse chor\u00e9graphe professionnelle Estrella La Peli de Linares, la r\u00e9f\u00e9rence dans la r\u00e9gion Lilloise, Nord pas de Calais Picardie &#8211; Hauts de France. Ils se pr\u00e9sentent sous forme de sessions que vous composez \u00e0 la carte selon vos envies et possibilit\u00e9s. C&#8217;est le [&hellip;]<\/p>\n","protected":false},"author":1,"featured_media":955,"parent":169,"menu_order":0,"comment_status":"closed","ping_status":"closed","template":"","meta":{"_mi_skip_tracking":false,"ngg_post_thumbnail":0},"yoast_head":"<!-- This site is optimized with the Yoast SEO plugin v18.9 - https:\/\/yoast.com\/wordpress\/plugins\/seo\/ -->\n<title>COURS DE DANSE FLAMENCO - Ib\u00e9rica Centre de Culture Art &amp; Danse<\/title>\n<meta name=\"robots\" content=\"index, follow, max-snippet:-1, max-image-preview:large, max-video-preview:-1\" \/>\n<link rel=\"canonical\" href=\"https:\/\/iberica.info\/index.php\/cours-stages-2\/cours-de-danse-flamenco-salsa-orientale-nord-pasdecalais-picardie-lille\/\" \/>\n<meta property=\"og:locale\" content=\"fr_FR\" \/>\n<meta property=\"og:type\" content=\"article\" \/>\n<meta property=\"og:title\" content=\"COURS DE DANSE FLAMENCO - Ib\u00e9rica Centre de Culture Art &amp; Danse\" \/>\n<meta property=\"og:description\" content=\"Les cours de Danse flamenco sont sous la direction chor\u00e9graphique de la danseuse chor\u00e9graphe professionnelle Estrella La Peli de Linares, la r\u00e9f\u00e9rence dans la r\u00e9gion Lilloise, Nord pas de Calais Picardie &#8211; Hauts de France. Ils se pr\u00e9sentent sous forme de sessions que vous composez \u00e0 la carte selon vos envies et possibilit\u00e9s. C&#8217;est le [&hellip;]\" \/>\n<meta property=\"og:url\" content=\"https:\/\/iberica.info\/index.php\/cours-stages-2\/cours-de-danse-flamenco-salsa-orientale-nord-pasdecalais-picardie-lille\/\" \/>\n<meta property=\"og:site_name\" content=\"Ib\u00e9rica Centre de Culture Art &amp; Danse\" \/>\n<meta property=\"article:publisher\" content=\"https:\/\/www.facebook.com\/iberica.nord\" \/>\n<meta property=\"article:modified_time\" content=\"2025-08-24T12:31:16+00:00\" \/>\n<meta property=\"og:image\" content=\"https:\/\/iberica.info\/wp-content\/uploads\/2021\/06\/2022-21-IB-PS-DANSE-FLAMENCO--724x1024.jpg\" \/>\n\t<meta property=\"og:image:width\" content=\"724\" \/>\n\t<meta property=\"og:image:height\" content=\"1024\" \/>\n\t<meta property=\"og:image:type\" content=\"image\/jpeg\" \/>\n<meta name=\"twitter:card\" content=\"summary\" \/>\n<meta name=\"twitter:label1\" content=\"Dur\u00e9e de lecture estim\u00e9e\" \/>\n\t<meta name=\"twitter:data1\" content=\"2 minutes\" \/>\n<script type=\"application\/ld+json\" class=\"yoast-schema-graph\">{\"@context\":\"https:\/\/schema.org\",\"@graph\":[{\"@type\":\"WebSite\",\"@id\":\"https:\/\/iberica.info\/#website\",\"url\":\"https:\/\/iberica.info\/\",\"name\":\"Ib\u00e9rica Centre de Culture Art &amp; Danse\",\"description\":\"Flamenco Fado Gypsy Espagne Portugal Hauts de France - France\",\"potentialAction\":[{\"@type\":\"SearchAction\",\"target\":{\"@type\":\"EntryPoint\",\"urlTemplate\":\"https:\/\/iberica.info\/?s={search_term_string}\"},\"query-input\":\"required name=search_term_string\"}],\"inLanguage\":\"fr-FR\"},{\"@type\":\"ImageObject\",\"inLanguage\":\"fr-FR\",\"@id\":\"https:\/\/iberica.info\/index.php\/cours-stages-2\/cours-de-danse-flamenco-salsa-orientale-nord-pasdecalais-picardie-lille\/#primaryimage\",\"url\":\"https:\/\/iberica.info\/wp-content\/uploads\/2021\/06\/2022-21-IB-PS-DANSE-FLAMENCO-.jpg\",\"contentUrl\":\"https:\/\/iberica.info\/wp-content\/uploads\/2021\/06\/2022-21-IB-PS-DANSE-FLAMENCO-.jpg\",\"width\":3508,\"height\":4961,\"caption\":\"Flamenco danse cours Lille Nord pas Calais Picardie Hauts de France\"},{\"@type\":\"WebPage\",\"@id\":\"https:\/\/iberica.info\/index.php\/cours-stages-2\/cours-de-danse-flamenco-salsa-orientale-nord-pasdecalais-picardie-lille\/#webpage\",\"url\":\"https:\/\/iberica.info\/index.php\/cours-stages-2\/cours-de-danse-flamenco-salsa-orientale-nord-pasdecalais-picardie-lille\/\",\"name\":\"COURS DE DANSE FLAMENCO - Ib\u00e9rica Centre de Culture Art &amp; Danse\",\"isPartOf\":{\"@id\":\"https:\/\/iberica.info\/#website\"},\"primaryImageOfPage\":{\"@id\":\"https:\/\/iberica.info\/index.php\/cours-stages-2\/cours-de-danse-flamenco-salsa-orientale-nord-pasdecalais-picardie-lille\/#primaryimage\"},\"datePublished\":\"2021-06-13T01:04:17+00:00\",\"dateModified\":\"2025-08-24T12:31:16+00:00\",\"breadcrumb\":{\"@id\":\"https:\/\/iberica.info\/index.php\/cours-stages-2\/cours-de-danse-flamenco-salsa-orientale-nord-pasdecalais-picardie-lille\/#breadcrumb\"},\"inLanguage\":\"fr-FR\",\"potentialAction\":[{\"@type\":\"ReadAction\",\"target\":[\"https:\/\/iberica.info\/index.php\/cours-stages-2\/cours-de-danse-flamenco-salsa-orientale-nord-pasdecalais-picardie-lille\/\"]}]},{\"@type\":\"BreadcrumbList\",\"@id\":\"https:\/\/iberica.info\/index.php\/cours-stages-2\/cours-de-danse-flamenco-salsa-orientale-nord-pasdecalais-picardie-lille\/#breadcrumb\",\"itemListElement\":[{\"@type\":\"ListItem\",\"position\":1,\"name\":\"Accueil\",\"item\":\"https:\/\/iberica.info\/\"},{\"@type\":\"ListItem\",\"position\":2,\"name\":\"COURS \/ STAGES\",\"item\":\"https:\/\/iberica.info\/index.php\/cours-stages-2\/\"},{\"@type\":\"ListItem\",\"position\":3,\"name\":\"COURS DE DANSE FLAMENCO\"}]}]}<\/script>\n<!-- \/ Yoast SEO plugin. -->","yoast_head_json":{"title":"COURS DE DANSE FLAMENCO - Ib\u00e9rica Centre de Culture Art &amp; Danse","robots":{"index":"index","follow":"follow","max-snippet":"max-snippet:-1","max-image-preview":"max-image-preview:large","max-video-preview":"max-video-preview:-1"},"canonical":"https:\/\/iberica.info\/index.php\/cours-stages-2\/cours-de-danse-flamenco-salsa-orientale-nord-pasdecalais-picardie-lille\/","og_locale":"fr_FR","og_type":"article","og_title":"COURS DE DANSE FLAMENCO - Ib\u00e9rica Centre de Culture Art &amp; Danse","og_description":"Les cours de Danse flamenco sont sous la direction chor\u00e9graphique de la danseuse chor\u00e9graphe professionnelle Estrella La Peli de Linares, la r\u00e9f\u00e9rence dans la r\u00e9gion Lilloise, Nord pas de Calais Picardie &#8211; Hauts de France. Ils se pr\u00e9sentent sous forme de sessions que vous composez \u00e0 la carte selon vos envies et possibilit\u00e9s. C&#8217;est le [&hellip;]","og_url":"https:\/\/iberica.info\/index.php\/cours-stages-2\/cours-de-danse-flamenco-salsa-orientale-nord-pasdecalais-picardie-lille\/","og_site_name":"Ib\u00e9rica Centre de Culture Art &amp; Danse","article_publisher":"https:\/\/www.facebook.com\/iberica.nord","article_modified_time":"2025-08-24T12:31:16+00:00","og_image":[{"width":724,"height":1024,"url":"https:\/\/iberica.info\/wp-content\/uploads\/2021\/06\/2022-21-IB-PS-DANSE-FLAMENCO--724x1024.jpg","type":"image\/jpeg"}],"twitter_card":"summary","twitter_misc":{"Dur\u00e9e de lecture estim\u00e9e":"2 minutes"},"schema":{"@context":"https:\/\/schema.org","@graph":[{"@type":"WebSite","@id":"https:\/\/iberica.info\/#website","url":"https:\/\/iberica.info\/","name":"Ib\u00e9rica Centre de Culture Art &amp; Danse","description":"Flamenco Fado Gypsy Espagne Portugal Hauts de France - France","potentialAction":[{"@type":"SearchAction","target":{"@type":"EntryPoint","urlTemplate":"https:\/\/iberica.info\/?s={search_term_string}"},"query-input":"required name=search_term_string"}],"inLanguage":"fr-FR"},{"@type":"ImageObject","inLanguage":"fr-FR","@id":"https:\/\/iberica.info\/index.php\/cours-stages-2\/cours-de-danse-flamenco-salsa-orientale-nord-pasdecalais-picardie-lille\/#primaryimage","url":"https:\/\/iberica.info\/wp-content\/uploads\/2021\/06\/2022-21-IB-PS-DANSE-FLAMENCO-.jpg","contentUrl":"https:\/\/iberica.info\/wp-content\/uploads\/2021\/06\/2022-21-IB-PS-DANSE-FLAMENCO-.jpg","width":3508,"height":4961,"caption":"Flamenco danse cours Lille Nord pas Calais Picardie Hauts de France"},{"@type":"WebPage","@id":"https:\/\/iberica.info\/index.php\/cours-stages-2\/cours-de-danse-flamenco-salsa-orientale-nord-pasdecalais-picardie-lille\/#webpage","url":"https:\/\/iberica.info\/index.php\/cours-stages-2\/cours-de-danse-flamenco-salsa-orientale-nord-pasdecalais-picardie-lille\/","name":"COURS DE DANSE FLAMENCO - Ib\u00e9rica Centre de Culture Art &amp; Danse","isPartOf":{"@id":"https:\/\/iberica.info\/#website"},"primaryImageOfPage":{"@id":"https:\/\/iberica.info\/index.php\/cours-stages-2\/cours-de-danse-flamenco-salsa-orientale-nord-pasdecalais-picardie-lille\/#primaryimage"},"datePublished":"2021-06-13T01:04:17+00:00","dateModified":"2025-08-24T12:31:16+00:00","breadcrumb":{"@id":"https:\/\/iberica.info\/index.php\/cours-stages-2\/cours-de-danse-flamenco-salsa-orientale-nord-pasdecalais-picardie-lille\/#breadcrumb"},"inLanguage":"fr-FR","potentialAction":[{"@type":"ReadAction","target":["https:\/\/iberica.info\/index.php\/cours-stages-2\/cours-de-danse-flamenco-salsa-orientale-nord-pasdecalais-picardie-lille\/"]}]},{"@type":"BreadcrumbList","@id":"https:\/\/iberica.info\/index.php\/cours-stages-2\/cours-de-danse-flamenco-salsa-orientale-nord-pasdecalais-picardie-lille\/#breadcrumb","itemListElement":[{"@type":"ListItem","position":1,"name":"Accueil","item":"https:\/\/iberica.info\/"},{"@type":"ListItem","position":2,"name":"COURS \/ STAGES","item":"https:\/\/iberica.info\/index.php\/cours-stages-2\/"},{"@type":"ListItem","position":3,"name":"COURS DE DANSE FLAMENCO"}]}]}},"_links":{"self":[{"href":"https:\/\/iberica.info\/index.php\/wp-json\/wp\/v2\/pages\/175"}],"collection":[{"href":"https:\/\/iberica.info\/index.php\/wp-json\/wp\/v2\/pages"}],"about":[{"href":"https:\/\/iberica.info\/index.php\/wp-json\/wp\/v2\/types\/page"}],"author":[{"embeddable":true,"href":"https:\/\/iberica.info\/index.php\/wp-json\/wp\/v2\/users\/1"}],"replies":[{"embeddable":true,"href":"https:\/\/iberica.info\/index.php\/wp-json\/wp\/v2\/comments?post=175"}],"version-history":[{"count":34,"href":"https:\/\/iberica.info\/index.php\/wp-json\/wp\/v2\/pages\/175\/revisions"}],"predecessor-version":[{"id":1787,"href":"https:\/\/iberica.info\/index.php\/wp-json\/wp\/v2\/pages\/175\/revisions\/1787"}],"up":[{"embeddable":true,"href":"https:\/\/iberica.info\/index.php\/wp-json\/wp\/v2\/pages\/169"}],"wp:featuredmedia":[{"embeddable":true,"href":"https:\/\/iberica.info\/index.php\/wp-json\/wp\/v2\/media\/955"}],"wp:attachment":[{"href":"https:\/\/iberica.info\/index.php\/wp-json\/wp\/v2\/media?parent=175"}],"curies":[{"name":"wp","href":"https:\/\/api.w.org\/{rel}","templated":true}]}}