{"id":177,"date":"2017-06-17T03:06:14","date_gmt":"2017-06-17T01:06:14","guid":{"rendered":"http:\/\/iberica.info\/?page_id=177"},"modified":"2021-07-14T20:51:14","modified_gmt":"2021-07-14T18:51:14","slug":"cours-de-guitare-flamenco-espagnole","status":"publish","type":"page","link":"https:\/\/iberica.info\/index.php\/cours-stages-2\/cours-de-guitare-flamenco-espagnole\/","title":{"rendered":"COURS DE GUITARE FLAMENCO ESPAGNOLE"},"content":{"rendered":"<p>&#8211; <strong>STAGE\/COURS DE GUITARE FLAMENCO <\/strong><\/p>\n<p>A partir d&#8217;un nombre de pr\u00e9-inscriptions suffisant, IB\u00c9RICA organise des stages de Guitare avec des artistes musiciens confirm\u00e9s ou Cours particuliers.<\/p>\n<p>P\u00e9dagogie, \u00e9coute, culture Flamenca et Ib\u00e9rique, pour une v\u00e9ritable formation digne de ce nom.<\/p>\n<p>renseignez-vous rapidement et inscrivez-vous<br \/>\npr\u00e9-inscrivez-vous (places limit\u00e9es)<\/p>\n<p><strong>iberica @ live.fr <\/strong><strong>ou tel : +33 (0)7 89 82 65 77<\/strong><\/p>\n","protected":false},"excerpt":{"rendered":"<p>&#8211; STAGE\/COURS DE GUITARE FLAMENCO A partir d&#8217;un nombre de pr\u00e9-inscriptions suffisant, IB\u00c9RICA organise des stages de Guitare avec des artistes musiciens confirm\u00e9s ou Cours particuliers. P\u00e9dagogie, \u00e9coute, culture Flamenca et Ib\u00e9rique, pour une v\u00e9ritable formation digne de ce nom. renseignez-vous rapidement et inscrivez-vous pr\u00e9-inscrivez-vous (places limit\u00e9es) iberica @ live.fr ou tel : +33 (0)7 [&hellip;]<\/p>\n","protected":false},"author":1,"featured_media":0,"parent":169,"menu_order":0,"comment_status":"closed","ping_status":"closed","template":"","meta":{"_mi_skip_tracking":false,"ngg_post_thumbnail":0},"yoast_head":"<!-- This site is optimized with the Yoast SEO plugin v18.9 - https:\/\/yoast.com\/wordpress\/plugins\/seo\/ -->\n<title>COURS DE GUITARE FLAMENCO ESPAGNOLE - Ib\u00e9rica Centre de Culture Art &amp; Danse<\/title>\n<meta name=\"robots\" content=\"index, follow, max-snippet:-1, max-image-preview:large, max-video-preview:-1\" \/>\n<link rel=\"canonical\" href=\"https:\/\/iberica.info\/index.php\/cours-stages-2\/cours-de-guitare-flamenco-espagnole\/\" \/>\n<meta property=\"og:locale\" content=\"fr_FR\" \/>\n<meta property=\"og:type\" content=\"article\" \/>\n<meta property=\"og:title\" content=\"COURS DE GUITARE FLAMENCO ESPAGNOLE - Ib\u00e9rica Centre de Culture Art &amp; Danse\" \/>\n<meta property=\"og:description\" content=\"&#8211; STAGE\/COURS DE GUITARE FLAMENCO A partir d&#8217;un nombre de pr\u00e9-inscriptions suffisant, IB\u00c9RICA organise des stages de Guitare avec des artistes musiciens confirm\u00e9s ou Cours particuliers. P\u00e9dagogie, \u00e9coute, culture Flamenca et Ib\u00e9rique, pour une v\u00e9ritable formation digne de ce nom. renseignez-vous rapidement et inscrivez-vous pr\u00e9-inscrivez-vous (places limit\u00e9es) iberica @ live.fr ou tel : +33 (0)7 [&hellip;]\" \/>\n<meta property=\"og:url\" content=\"https:\/\/iberica.info\/index.php\/cours-stages-2\/cours-de-guitare-flamenco-espagnole\/\" \/>\n<meta property=\"og:site_name\" content=\"Ib\u00e9rica Centre de Culture Art &amp; Danse\" \/>\n<meta property=\"article:publisher\" content=\"https:\/\/www.facebook.com\/iberica.nord\" \/>\n<meta property=\"article:modified_time\" content=\"2021-07-14T18:51:14+00:00\" \/>\n<meta name=\"twitter:card\" content=\"summary\" \/>\n<script type=\"application\/ld+json\" class=\"yoast-schema-graph\">{\"@context\":\"https:\/\/schema.org\",\"@graph\":[{\"@type\":\"WebSite\",\"@id\":\"https:\/\/iberica.info\/#website\",\"url\":\"https:\/\/iberica.info\/\",\"name\":\"Ib\u00e9rica Centre de Culture Art &amp; Danse\",\"description\":\"Flamenco Fado Gypsy Espagne Portugal Hauts de France - France\",\"potentialAction\":[{\"@type\":\"SearchAction\",\"target\":{\"@type\":\"EntryPoint\",\"urlTemplate\":\"https:\/\/iberica.info\/?s={search_term_string}\"},\"query-input\":\"required name=search_term_string\"}],\"inLanguage\":\"fr-FR\"},{\"@type\":\"WebPage\",\"@id\":\"https:\/\/iberica.info\/index.php\/cours-stages-2\/cours-de-guitare-flamenco-espagnole\/#webpage\",\"url\":\"https:\/\/iberica.info\/index.php\/cours-stages-2\/cours-de-guitare-flamenco-espagnole\/\",\"name\":\"COURS DE GUITARE FLAMENCO ESPAGNOLE - Ib\u00e9rica Centre de Culture Art &amp; Danse\",\"isPartOf\":{\"@id\":\"https:\/\/iberica.info\/#website\"},\"datePublished\":\"2017-06-17T01:06:14+00:00\",\"dateModified\":\"2021-07-14T18:51:14+00:00\",\"breadcrumb\":{\"@id\":\"https:\/\/iberica.info\/index.php\/cours-stages-2\/cours-de-guitare-flamenco-espagnole\/#breadcrumb\"},\"inLanguage\":\"fr-FR\",\"potentialAction\":[{\"@type\":\"ReadAction\",\"target\":[\"https:\/\/iberica.info\/index.php\/cours-stages-2\/cours-de-guitare-flamenco-espagnole\/\"]}]},{\"@type\":\"BreadcrumbList\",\"@id\":\"https:\/\/iberica.info\/index.php\/cours-stages-2\/cours-de-guitare-flamenco-espagnole\/#breadcrumb\",\"itemListElement\":[{\"@type\":\"ListItem\",\"position\":1,\"name\":\"Accueil\",\"item\":\"https:\/\/iberica.info\/\"},{\"@type\":\"ListItem\",\"position\":2,\"name\":\"COURS \/ STAGES\",\"item\":\"https:\/\/iberica.info\/index.php\/cours-stages-2\/\"},{\"@type\":\"ListItem\",\"position\":3,\"name\":\"COURS DE GUITARE FLAMENCO ESPAGNOLE\"}]}]}<\/script>\n<!-- \/ Yoast SEO plugin. -->","yoast_head_json":{"title":"COURS DE GUITARE FLAMENCO ESPAGNOLE - Ib\u00e9rica Centre de Culture Art &amp; Danse","robots":{"index":"index","follow":"follow","max-snippet":"max-snippet:-1","max-image-preview":"max-image-preview:large","max-video-preview":"max-video-preview:-1"},"canonical":"https:\/\/iberica.info\/index.php\/cours-stages-2\/cours-de-guitare-flamenco-espagnole\/","og_locale":"fr_FR","og_type":"article","og_title":"COURS DE GUITARE FLAMENCO ESPAGNOLE - Ib\u00e9rica Centre de Culture Art &amp; Danse","og_description":"&#8211; STAGE\/COURS DE GUITARE FLAMENCO A partir d&#8217;un nombre de pr\u00e9-inscriptions suffisant, IB\u00c9RICA organise des stages de Guitare avec des artistes musiciens confirm\u00e9s ou Cours particuliers. P\u00e9dagogie, \u00e9coute, culture Flamenca et Ib\u00e9rique, pour une v\u00e9ritable formation digne de ce nom. renseignez-vous rapidement et inscrivez-vous pr\u00e9-inscrivez-vous (places limit\u00e9es) iberica @ live.fr ou tel : +33 (0)7 [&hellip;]","og_url":"https:\/\/iberica.info\/index.php\/cours-stages-2\/cours-de-guitare-flamenco-espagnole\/","og_site_name":"Ib\u00e9rica Centre de Culture Art &amp; Danse","article_publisher":"https:\/\/www.facebook.com\/iberica.nord","article_modified_time":"2021-07-14T18:51:14+00:00","twitter_card":"summary","schema":{"@context":"https:\/\/schema.org","@graph":[{"@type":"WebSite","@id":"https:\/\/iberica.info\/#website","url":"https:\/\/iberica.info\/","name":"Ib\u00e9rica Centre de Culture Art &amp; Danse","description":"Flamenco Fado Gypsy Espagne Portugal Hauts de France - France","potentialAction":[{"@type":"SearchAction","target":{"@type":"EntryPoint","urlTemplate":"https:\/\/iberica.info\/?s={search_term_string}"},"query-input":"required name=search_term_string"}],"inLanguage":"fr-FR"},{"@type":"WebPage","@id":"https:\/\/iberica.info\/index.php\/cours-stages-2\/cours-de-guitare-flamenco-espagnole\/#webpage","url":"https:\/\/iberica.info\/index.php\/cours-stages-2\/cours-de-guitare-flamenco-espagnole\/","name":"COURS DE GUITARE FLAMENCO ESPAGNOLE - Ib\u00e9rica Centre de Culture Art &amp; Danse","isPartOf":{"@id":"https:\/\/iberica.info\/#website"},"datePublished":"2017-06-17T01:06:14+00:00","dateModified":"2021-07-14T18:51:14+00:00","breadcrumb":{"@id":"https:\/\/iberica.info\/index.php\/cours-stages-2\/cours-de-guitare-flamenco-espagnole\/#breadcrumb"},"inLanguage":"fr-FR","potentialAction":[{"@type":"ReadAction","target":["https:\/\/iberica.info\/index.php\/cours-stages-2\/cours-de-guitare-flamenco-espagnole\/"]}]},{"@type":"BreadcrumbList","@id":"https:\/\/iberica.info\/index.php\/cours-stages-2\/cours-de-guitare-flamenco-espagnole\/#breadcrumb","itemListElement":[{"@type":"ListItem","position":1,"name":"Accueil","item":"https:\/\/iberica.info\/"},{"@type":"ListItem","position":2,"name":"COURS \/ STAGES","item":"https:\/\/iberica.info\/index.php\/cours-stages-2\/"},{"@type":"ListItem","position":3,"name":"COURS DE GUITARE FLAMENCO ESPAGNOLE"}]}]}},"_links":{"self":[{"href":"https:\/\/iberica.info\/index.php\/wp-json\/wp\/v2\/pages\/177"}],"collection":[{"href":"https:\/\/iberica.info\/index.php\/wp-json\/wp\/v2\/pages"}],"about":[{"href":"https:\/\/iberica.info\/index.php\/wp-json\/wp\/v2\/types\/page"}],"author":[{"embeddable":true,"href":"https:\/\/iberica.info\/index.php\/wp-json\/wp\/v2\/users\/1"}],"replies":[{"embeddable":true,"href":"https:\/\/iberica.info\/index.php\/wp-json\/wp\/v2\/comments?post=177"}],"version-history":[{"count":7,"href":"https:\/\/iberica.info\/index.php\/wp-json\/wp\/v2\/pages\/177\/revisions"}],"predecessor-version":[{"id":976,"href":"https:\/\/iberica.info\/index.php\/wp-json\/wp\/v2\/pages\/177\/revisions\/976"}],"up":[{"embeddable":true,"href":"https:\/\/iberica.info\/index.php\/wp-json\/wp\/v2\/pages\/169"}],"wp:attachment":[{"href":"https:\/\/iberica.info\/index.php\/wp-json\/wp\/v2\/media?parent=177"}],"curies":[{"name":"wp","href":"https:\/\/api.w.org\/{rel}","templated":true}]}}