{"id":179,"date":"2017-06-17T03:08:29","date_gmt":"2017-06-17T01:08:29","guid":{"rendered":"http:\/\/iberica.info\/?page_id=179"},"modified":"2017-06-17T03:08:29","modified_gmt":"2017-06-17T01:08:29","slug":"cours-cajon-nord-pasdecalais-picardie-lille","status":"publish","type":"page","link":"https:\/\/iberica.info\/index.php\/cours-stages-2\/cours-cajon-nord-pasdecalais-picardie-lille\/","title":{"rendered":"STAGE\/COURS DE CAJ\u00d3N"},"content":{"rendered":"<p>&#8211; <strong>STAGE DE CAJ\u00d3N<\/strong> (d\u00e9butants et\/ou confirm\u00e9s)<br \/>\nA partir d&#8217;un nombre de pr\u00e9-inscriptions suffisant, IBERICA organise des stages de Caj\u00f3n<\/p>\n<p><em>&#8211; Tarifs (pratiqu\u00e9s g\u00e9n\u00e9ralement mais non fix\u00e9s) : 25\/30\u20ac pour les 3 heures.<\/em><\/p>\n<p>renseignez-vous rapidement et inscrivez-vous<br \/>\npr\u00e9-inscrivez-vous (places limit\u00e9es)<\/p>\n<p><strong>iberica@live.fr ou tel : 07 89 82 65 77<\/strong><\/p>\n","protected":false},"excerpt":{"rendered":"<p>&#8211; STAGE DE CAJ\u00d3N (d\u00e9butants et\/ou confirm\u00e9s) A partir d&#8217;un nombre de pr\u00e9-inscriptions suffisant, IBERICA organise des stages de Caj\u00f3n &#8211; Tarifs (pratiqu\u00e9s g\u00e9n\u00e9ralement mais non fix\u00e9s) : 25\/30\u20ac pour les 3 heures. renseignez-vous rapidement et inscrivez-vous pr\u00e9-inscrivez-vous (places limit\u00e9es) iberica@live.fr ou tel : 07 89 82 65 77<\/p>\n","protected":false},"author":1,"featured_media":0,"parent":169,"menu_order":0,"comment_status":"closed","ping_status":"closed","template":"","meta":{"_mi_skip_tracking":false,"ngg_post_thumbnail":0},"yoast_head":"<!-- This site is optimized with the Yoast SEO plugin v18.9 - https:\/\/yoast.com\/wordpress\/plugins\/seo\/ -->\n<title>STAGE\/COURS DE CAJ\u00d3N - Ib\u00e9rica Centre de Culture Art &amp; Danse<\/title>\n<meta name=\"robots\" content=\"index, follow, max-snippet:-1, max-image-preview:large, max-video-preview:-1\" \/>\n<link rel=\"canonical\" href=\"http:\/\/iberica.info\/index.php\/cours-stages-2\/cours-cajon-nord-pasdecalais-picardie-lille\/\" \/>\n<meta property=\"og:locale\" content=\"fr_FR\" \/>\n<meta property=\"og:type\" content=\"article\" \/>\n<meta property=\"og:title\" content=\"STAGE\/COURS DE CAJ\u00d3N - Ib\u00e9rica Centre de Culture Art &amp; Danse\" \/>\n<meta property=\"og:description\" content=\"&#8211; STAGE DE CAJ\u00d3N (d\u00e9butants et\/ou confirm\u00e9s) A partir d&#8217;un nombre de pr\u00e9-inscriptions suffisant, IBERICA organise des stages de Caj\u00f3n &#8211; Tarifs (pratiqu\u00e9s g\u00e9n\u00e9ralement mais non fix\u00e9s) : 25\/30\u20ac pour les 3 heures. renseignez-vous rapidement et inscrivez-vous pr\u00e9-inscrivez-vous (places limit\u00e9es) iberica@live.fr ou tel : 07 89 82 65 77\" \/>\n<meta property=\"og:url\" content=\"http:\/\/iberica.info\/index.php\/cours-stages-2\/cours-cajon-nord-pasdecalais-picardie-lille\/\" \/>\n<meta property=\"og:site_name\" content=\"Ib\u00e9rica Centre de Culture Art &amp; Danse\" \/>\n<meta property=\"article:publisher\" content=\"https:\/\/www.facebook.com\/iberica.nord\" \/>\n<meta name=\"twitter:card\" content=\"summary\" \/>\n<script type=\"application\/ld+json\" class=\"yoast-schema-graph\">{\"@context\":\"https:\/\/schema.org\",\"@graph\":[{\"@type\":\"WebSite\",\"@id\":\"https:\/\/iberica.info\/#website\",\"url\":\"https:\/\/iberica.info\/\",\"name\":\"Ib\u00e9rica Centre de Culture Art &amp; Danse\",\"description\":\"Flamenco Fado Gypsy Espagne Portugal Hauts de France - France\",\"potentialAction\":[{\"@type\":\"SearchAction\",\"target\":{\"@type\":\"EntryPoint\",\"urlTemplate\":\"https:\/\/iberica.info\/?s={search_term_string}\"},\"query-input\":\"required name=search_term_string\"}],\"inLanguage\":\"fr-FR\"},{\"@type\":\"WebPage\",\"@id\":\"http:\/\/iberica.info\/index.php\/cours-stages-2\/cours-cajon-nord-pasdecalais-picardie-lille\/#webpage\",\"url\":\"http:\/\/iberica.info\/index.php\/cours-stages-2\/cours-cajon-nord-pasdecalais-picardie-lille\/\",\"name\":\"STAGE\/COURS DE CAJ\u00d3N - Ib\u00e9rica Centre de Culture Art &amp; Danse\",\"isPartOf\":{\"@id\":\"https:\/\/iberica.info\/#website\"},\"datePublished\":\"2017-06-17T01:08:29+00:00\",\"dateModified\":\"2017-06-17T01:08:29+00:00\",\"breadcrumb\":{\"@id\":\"http:\/\/iberica.info\/index.php\/cours-stages-2\/cours-cajon-nord-pasdecalais-picardie-lille\/#breadcrumb\"},\"inLanguage\":\"fr-FR\",\"potentialAction\":[{\"@type\":\"ReadAction\",\"target\":[\"http:\/\/iberica.info\/index.php\/cours-stages-2\/cours-cajon-nord-pasdecalais-picardie-lille\/\"]}]},{\"@type\":\"BreadcrumbList\",\"@id\":\"http:\/\/iberica.info\/index.php\/cours-stages-2\/cours-cajon-nord-pasdecalais-picardie-lille\/#breadcrumb\",\"itemListElement\":[{\"@type\":\"ListItem\",\"position\":1,\"name\":\"Accueil\",\"item\":\"https:\/\/iberica.info\/\"},{\"@type\":\"ListItem\",\"position\":2,\"name\":\"COURS \/ STAGES\",\"item\":\"https:\/\/iberica.info\/index.php\/cours-stages-2\/\"},{\"@type\":\"ListItem\",\"position\":3,\"name\":\"STAGE\/COURS DE CAJ\u00d3N\"}]}]}<\/script>\n<!-- \/ Yoast SEO plugin. -->","yoast_head_json":{"title":"STAGE\/COURS DE CAJ\u00d3N - Ib\u00e9rica Centre de Culture Art &amp; Danse","robots":{"index":"index","follow":"follow","max-snippet":"max-snippet:-1","max-image-preview":"max-image-preview:large","max-video-preview":"max-video-preview:-1"},"canonical":"http:\/\/iberica.info\/index.php\/cours-stages-2\/cours-cajon-nord-pasdecalais-picardie-lille\/","og_locale":"fr_FR","og_type":"article","og_title":"STAGE\/COURS DE CAJ\u00d3N - Ib\u00e9rica Centre de Culture Art &amp; Danse","og_description":"&#8211; STAGE DE CAJ\u00d3N (d\u00e9butants et\/ou confirm\u00e9s) A partir d&#8217;un nombre de pr\u00e9-inscriptions suffisant, IBERICA organise des stages de Caj\u00f3n &#8211; Tarifs (pratiqu\u00e9s g\u00e9n\u00e9ralement mais non fix\u00e9s) : 25\/30\u20ac pour les 3 heures. renseignez-vous rapidement et inscrivez-vous pr\u00e9-inscrivez-vous (places limit\u00e9es) iberica@live.fr ou tel : 07 89 82 65 77","og_url":"http:\/\/iberica.info\/index.php\/cours-stages-2\/cours-cajon-nord-pasdecalais-picardie-lille\/","og_site_name":"Ib\u00e9rica Centre de Culture Art &amp; Danse","article_publisher":"https:\/\/www.facebook.com\/iberica.nord","twitter_card":"summary","schema":{"@context":"https:\/\/schema.org","@graph":[{"@type":"WebSite","@id":"https:\/\/iberica.info\/#website","url":"https:\/\/iberica.info\/","name":"Ib\u00e9rica Centre de Culture Art &amp; Danse","description":"Flamenco Fado Gypsy Espagne Portugal Hauts de France - France","potentialAction":[{"@type":"SearchAction","target":{"@type":"EntryPoint","urlTemplate":"https:\/\/iberica.info\/?s={search_term_string}"},"query-input":"required name=search_term_string"}],"inLanguage":"fr-FR"},{"@type":"WebPage","@id":"http:\/\/iberica.info\/index.php\/cours-stages-2\/cours-cajon-nord-pasdecalais-picardie-lille\/#webpage","url":"http:\/\/iberica.info\/index.php\/cours-stages-2\/cours-cajon-nord-pasdecalais-picardie-lille\/","name":"STAGE\/COURS DE CAJ\u00d3N - Ib\u00e9rica Centre de Culture Art &amp; Danse","isPartOf":{"@id":"https:\/\/iberica.info\/#website"},"datePublished":"2017-06-17T01:08:29+00:00","dateModified":"2017-06-17T01:08:29+00:00","breadcrumb":{"@id":"http:\/\/iberica.info\/index.php\/cours-stages-2\/cours-cajon-nord-pasdecalais-picardie-lille\/#breadcrumb"},"inLanguage":"fr-FR","potentialAction":[{"@type":"ReadAction","target":["http:\/\/iberica.info\/index.php\/cours-stages-2\/cours-cajon-nord-pasdecalais-picardie-lille\/"]}]},{"@type":"BreadcrumbList","@id":"http:\/\/iberica.info\/index.php\/cours-stages-2\/cours-cajon-nord-pasdecalais-picardie-lille\/#breadcrumb","itemListElement":[{"@type":"ListItem","position":1,"name":"Accueil","item":"https:\/\/iberica.info\/"},{"@type":"ListItem","position":2,"name":"COURS \/ STAGES","item":"https:\/\/iberica.info\/index.php\/cours-stages-2\/"},{"@type":"ListItem","position":3,"name":"STAGE\/COURS DE CAJ\u00d3N"}]}]}},"_links":{"self":[{"href":"https:\/\/iberica.info\/index.php\/wp-json\/wp\/v2\/pages\/179"}],"collection":[{"href":"https:\/\/iberica.info\/index.php\/wp-json\/wp\/v2\/pages"}],"about":[{"href":"https:\/\/iberica.info\/index.php\/wp-json\/wp\/v2\/types\/page"}],"author":[{"embeddable":true,"href":"https:\/\/iberica.info\/index.php\/wp-json\/wp\/v2\/users\/1"}],"replies":[{"embeddable":true,"href":"https:\/\/iberica.info\/index.php\/wp-json\/wp\/v2\/comments?post=179"}],"version-history":[{"count":1,"href":"https:\/\/iberica.info\/index.php\/wp-json\/wp\/v2\/pages\/179\/revisions"}],"predecessor-version":[{"id":180,"href":"https:\/\/iberica.info\/index.php\/wp-json\/wp\/v2\/pages\/179\/revisions\/180"}],"up":[{"embeddable":true,"href":"https:\/\/iberica.info\/index.php\/wp-json\/wp\/v2\/pages\/169"}],"wp:attachment":[{"href":"https:\/\/iberica.info\/index.php\/wp-json\/wp\/v2\/media?parent=179"}],"curies":[{"name":"wp","href":"https:\/\/api.w.org\/{rel}","templated":true}]}}