{"id":284,"date":"2021-06-13T17:49:37","date_gmt":"2021-06-13T15:49:37","guid":{"rendered":"http:\/\/iberica.info\/?page_id=284"},"modified":"2025-08-24T09:40:55","modified_gmt":"2025-08-24T07:40:55","slug":"flamenco-enfants-flamenco-kids","status":"publish","type":"page","link":"https:\/\/iberica.info\/index.php\/cours-stages-2\/flamenco-enfants-flamenco-kids\/","title":{"rendered":"FLAMENCO ENFANTS LILLE NORD HAUTS DE FRANCE &#8211; FLAMENCO KIDS"},"content":{"rendered":"\n<h2>FLAMENCO ENFANTS LILLE NORD FLAMENCOKIDS<\/h2>\n\n\n\n<p><strong>LES MERCREDIS &#8211; Ol\u00e9 Ni\u00f1os !<\/strong><\/p>\n\n\n\n<p class=\"has-text-align-center\">En partenariat avec la PE\u00d1A ESTRELLA FLAMENCO \u00e0 LILLE, IB\u00c9RICA propose un cours hebdomadaire pour enfants 14-14h45 (5 \u00e0 9 ans) \/ 15-15h45 (+10ans) les mercredis (hors vacances scolaires)<\/p>\n\n\n\n<div style=\"height:10px\" aria-hidden=\"true\" class=\"wp-block-spacer\"><\/div>\n\n\n\n<figure class=\"wp-block-image size-large\"><img loading=\"lazy\" width=\"1024\" height=\"669\" src=\"http:\/\/iberica.info\/wp-content\/uploads\/2020\/06\/20-06-IB-FLAMENCOKIDS--1024x669.jpg\" alt=\"flamenco enfants lille nord pas de calais picardie Hauts de France F\" class=\"wp-image-852\" srcset=\"https:\/\/iberica.info\/wp-content\/uploads\/2020\/06\/20-06-IB-FLAMENCOKIDS--1024x669.jpg 1024w, https:\/\/iberica.info\/wp-content\/uploads\/2020\/06\/20-06-IB-FLAMENCOKIDS--300x196.jpg 300w, https:\/\/iberica.info\/wp-content\/uploads\/2020\/06\/20-06-IB-FLAMENCOKIDS--768x502.jpg 768w, https:\/\/iberica.info\/wp-content\/uploads\/2020\/06\/20-06-IB-FLAMENCOKIDS--750x490.jpg 750w, https:\/\/iberica.info\/wp-content\/uploads\/2020\/06\/20-06-IB-FLAMENCOKIDS-.jpg 1846w\" sizes=\"(max-width: 1024px) 100vw, 1024px\" \/><figcaption>flamenco enfants Lille nord pas de calais Picardie Hauts de France<\/figcaption><\/figure>\n\n\n\n<p class=\"has-text-align-center\"><strong>Tarifs annuels : 140\u20ac + 10\u20ac adh\u00e9sion &#8211; 30 s\u00e9ances \u00e0 l&#8217;ann\u00e9e<\/strong><\/p>\n\n\n\n<p class=\"has-text-align-center\"><strong>DATES 2025-26 :<\/strong> <\/p>\n\n\n\n<p class=\"has-text-align-center\">17,24\/09 \u2013 01,08,15\/10 &#8211; 05,12,19,26\/11 \u2013 03,10,17\/12 \u2013 07,14,21,28\/01 \u2013 04,11\/02 \u2013 4,11,18,25\/03 \u2013 01,08,29\/04 \u2013 06,13,20,27\/05 \u2013 03\/06<\/p>\n\n\n\n<div style=\"height:10px\" aria-hidden=\"true\" class=\"wp-block-spacer\"><\/div>\n\n\n\n<p class=\"has-text-align-center\">Viens faire un essai sans engagement : 1er cours gratuit ! A bailar Ni\u00f1os Ol\u00e9 !<\/p>\n\n\n\n<hr class=\"wp-block-separator is-style-default\"\/>\n\n\n\n<h2 class=\"has-text-align-center has-vivid-red-color has-text-color\"><strong>INSCRIPTIONS NORMALES 25-26 (\u00e0 partir du 21 JUIN 2025) <\/strong><\/h2>\n\n\n\n<p class=\"has-text-align-center\"><a href=\"https:\/\/www.helloasso.com\/associations\/iberica\/adhesions\/cours-flamenco-kids-2025-2026-non-prevente\"><strong>https:\/\/www.helloasso.com\/associations\/iberica\/adhesions\/cours-flamenco-kids-2025-2026-non-prevente<\/strong><\/a><\/p>\n\n\n\n<h3 class=\"has-text-align-center has-black-color has-text-color\">INFOS :  iberica @ live.fr<\/h3>\n\n\n\n<hr class=\"wp-block-separator\"\/>\n\n\n\n<div style=\"height:19px\" aria-hidden=\"true\" class=\"wp-block-spacer\"><\/div>\n\n\n\n<blockquote class=\"wp-block-quote is-style-default\" style=\"font-size:16px;font-style:normal;font-weight:400\"><p><strong>NB : FONCTIONNEMENT DU COURS<\/strong><\/p><p>\u00c9VITER TOUTE PERTURBATION P\u00c9DAGOGIQUE : merci d&#8217;observer le silence<\/p><p>LES PARENTS D\u00c9POSENT LES ENFANTS, EN TENUE ADAPT\u00c9E, (5MIN EN AMONT DU COURS), ILS LES R\u00c9CUP\u00c8RENT \u00c0 LA FIN DE LA S\u00c9ANCE. <\/p><p>LA PR\u00c9SENCE DES PARENTS N&#8217;EST PAS AUTORIS\u00c9E DURANT LE COURS.<\/p><p>TENUE AMPLE (\u00e0 l&#8217;aise) &#8211; Chaussures vous seront propos\u00e9es \u00e0 la location (renseignements aupr\u00e8s du professeur &#8211; en fonction des orientations p\u00e9dagogiques et stocks disponibles)<\/p><\/blockquote>\n\n\n\n<div style=\"height:19px\" aria-hidden=\"true\" class=\"wp-block-spacer\"><\/div>\n\n\n\n<figure class=\"wp-block-image size-full size-large wp-image-958\"><img loading=\"lazy\" width=\"1024\" height=\"724\" src=\"http:\/\/iberica.info\/wp-content\/uploads\/2024\/06\/IB-FLAMENCOKIDS-A5-cours-Flamenco-12-1024x724-1.jpg\" alt=\"\" class=\"wp-image-1390\" srcset=\"https:\/\/iberica.info\/wp-content\/uploads\/2024\/06\/IB-FLAMENCOKIDS-A5-cours-Flamenco-12-1024x724-1.jpg 1024w, https:\/\/iberica.info\/wp-content\/uploads\/2024\/06\/IB-FLAMENCOKIDS-A5-cours-Flamenco-12-1024x724-1-300x212.jpg 300w, https:\/\/iberica.info\/wp-content\/uploads\/2024\/06\/IB-FLAMENCOKIDS-A5-cours-Flamenco-12-1024x724-1-768x543.jpg 768w, https:\/\/iberica.info\/wp-content\/uploads\/2024\/06\/IB-FLAMENCOKIDS-A5-cours-Flamenco-12-1024x724-1-750x530.jpg 750w\" sizes=\"(max-width: 1024px) 100vw, 1024px\" \/><figcaption>flamenco enfants Lille Nord pas de Calais Picardie Hauts de France<\/figcaption><\/figure>\n\n\n\n<hr class=\"wp-block-separator\"\/>\n\n\n\n<h4 class=\"has-luminous-vivid-amber-color has-text-color\">&gt;&gt; ACC\u00c9DER \u00e0 la PE\u00d1A SEDE IB\u00c9RICA<\/h4>\n\n\n\n<blockquote class=\"wp-block-quote is-style-default\"><p><strong>ATTENTION : STATIONNEMENT OBLIGATOIRE DANS LA RUE DES MARTYRS ! <\/strong><\/p><p>Pour Acc\u00e8der \u00e0 la PE\u00d1A SEDE IB\u00c9RICA : entrez le num\u00e9ro 154 Rue des Martyrs dans le GPS, Stationnez le v\u00e9hicule \u00e0 proximit\u00e9<\/p><p>Empruntez (\u00e0 pied) l&#8217;all\u00e9e \u00e0 droite du num\u00e9ro 154 (ATTENTION NE PAS S&#8217;ADRESSER AU 154)<\/p><p>Au fond de l&#8217;all\u00e9e \u00e0 gauche : 3\u00e8me B\u00e2timent sur la gauche<\/p><cite><strong>AUCUN STATIONNEMENT DANS L&#8217;ALL\u00c9E : sous peine de Verbalisation !!!<\/strong><\/cite><\/blockquote>\n\n\n\n<p>NOUS TROUVER<br><iframe loading=\"lazy\" style=\"border: 0;\" src=\"https:\/\/www.google.com\/maps\/embed?pb=!1m18!1m12!1m3!1d1867.8215698493666!2d3.0176541782614343!3d50.55484644628423!2m3!1f0!2f0!3f0!3m2!1i1024!2i768!4f13.1!3m3!1m2!1s0x47c2d360572a74c9%3A0x11633e580a68eb38!2sIB%C3%89RICA%2C+Centre+Culturel+Ib%C3%A9rique+du+Nord!5e0!3m2!1sfr!2sfr!4v1497898084023\" allowfullscreen=\"allowfullscreen\" width=\"600\" height=\"450\" frameborder=\"0\"><\/iframe><\/p>\n\n\n\n<div style=\"height:19px\" aria-hidden=\"true\" class=\"wp-block-spacer\"><\/div>\n\n\n\n<h4 class=\"has-text-align-center\"><a href=\"http:\/\/penaestrella.fr\/flamenco-kids-cours-de-danse-enfants-lille\/\">LES COURS DU MERCREDIS \u00c0 SECLIN NE SONT PAS POSSIBLES POUR VOUS &#8211; LE FLAMENCO KIDS EXISTE AUSSI LES MERCREDIS \u00e0 LILLE \u00c0 LA PE\u00d1A ESTRELLA FLAMENCO : penaestrella.fr<\/a><\/h4>\n","protected":false},"excerpt":{"rendered":"<p>FLAMENCO ENFANTS LILLE NORD FLAMENCOKIDS LES MERCREDIS &#8211; Ol\u00e9 Ni\u00f1os ! En partenariat avec la PE\u00d1A ESTRELLA FLAMENCO \u00e0 LILLE, IB\u00c9RICA propose un cours hebdomadaire pour enfants 14-14h45 (5 \u00e0 9 ans) \/ 15-15h45 (+10ans) les mercredis (hors vacances scolaires) Tarifs annuels : 140\u20ac + 10\u20ac adh\u00e9sion &#8211; 30 s\u00e9ances \u00e0 l&#8217;ann\u00e9e DATES 2025-26 : [&hellip;]<\/p>\n","protected":false},"author":1,"featured_media":663,"parent":169,"menu_order":0,"comment_status":"closed","ping_status":"closed","template":"","meta":{"_mi_skip_tracking":false,"ngg_post_thumbnail":0},"yoast_head":"<!-- This site is optimized with the Yoast SEO plugin v18.9 - https:\/\/yoast.com\/wordpress\/plugins\/seo\/ -->\n<title>FLAMENCO ENFANTS LILLE NORD HAUTS DE FRANCE - FLAMENCO KIDS - Ib\u00e9rica Centre de Culture Art &amp; Danse<\/title>\n<meta name=\"robots\" content=\"index, follow, max-snippet:-1, max-image-preview:large, max-video-preview:-1\" \/>\n<link rel=\"canonical\" href=\"https:\/\/iberica.info\/index.php\/cours-stages-2\/flamenco-enfants-flamenco-kids\/\" \/>\n<meta property=\"og:locale\" content=\"fr_FR\" \/>\n<meta property=\"og:type\" content=\"article\" \/>\n<meta property=\"og:title\" content=\"FLAMENCO ENFANTS LILLE NORD HAUTS DE FRANCE - FLAMENCO KIDS - Ib\u00e9rica Centre de Culture Art &amp; Danse\" \/>\n<meta property=\"og:description\" content=\"FLAMENCO ENFANTS LILLE NORD FLAMENCOKIDS LES MERCREDIS &#8211; Ol\u00e9 Ni\u00f1os ! En partenariat avec la PE\u00d1A ESTRELLA FLAMENCO \u00e0 LILLE, IB\u00c9RICA propose un cours hebdomadaire pour enfants 14-14h45 (5 \u00e0 9 ans) \/ 15-15h45 (+10ans) les mercredis (hors vacances scolaires) Tarifs annuels : 140\u20ac + 10\u20ac adh\u00e9sion &#8211; 30 s\u00e9ances \u00e0 l&#8217;ann\u00e9e DATES 2025-26 : [&hellip;]\" \/>\n<meta property=\"og:url\" content=\"https:\/\/iberica.info\/index.php\/cours-stages-2\/flamenco-enfants-flamenco-kids\/\" \/>\n<meta property=\"og:site_name\" content=\"Ib\u00e9rica Centre de Culture Art &amp; Danse\" \/>\n<meta property=\"article:publisher\" content=\"https:\/\/www.facebook.com\/iberica.nord\" \/>\n<meta property=\"article:modified_time\" content=\"2025-08-24T07:40:55+00:00\" \/>\n<meta property=\"og:image\" content=\"https:\/\/iberica.info\/wp-content\/uploads\/2019\/07\/19-20-IB-PE-FLAMENCOKIDS--1024x724.jpg\" \/>\n\t<meta property=\"og:image:width\" content=\"1024\" \/>\n\t<meta property=\"og:image:height\" content=\"724\" \/>\n\t<meta property=\"og:image:type\" content=\"image\/jpeg\" \/>\n<meta name=\"twitter:card\" content=\"summary\" \/>\n<meta name=\"twitter:label1\" content=\"Dur\u00e9e de lecture estim\u00e9e\" \/>\n\t<meta name=\"twitter:data1\" content=\"2 minutes\" \/>\n<script type=\"application\/ld+json\" class=\"yoast-schema-graph\">{\"@context\":\"https:\/\/schema.org\",\"@graph\":[{\"@type\":\"WebSite\",\"@id\":\"https:\/\/iberica.info\/#website\",\"url\":\"https:\/\/iberica.info\/\",\"name\":\"Ib\u00e9rica Centre de Culture Art &amp; Danse\",\"description\":\"Flamenco Fado Gypsy Espagne Portugal Hauts de France - France\",\"potentialAction\":[{\"@type\":\"SearchAction\",\"target\":{\"@type\":\"EntryPoint\",\"urlTemplate\":\"https:\/\/iberica.info\/?s={search_term_string}\"},\"query-input\":\"required name=search_term_string\"}],\"inLanguage\":\"fr-FR\"},{\"@type\":\"ImageObject\",\"inLanguage\":\"fr-FR\",\"@id\":\"https:\/\/iberica.info\/index.php\/cours-stages-2\/flamenco-enfants-flamenco-kids\/#primaryimage\",\"url\":\"https:\/\/iberica.info\/wp-content\/uploads\/2019\/07\/19-20-IB-PE-FLAMENCOKIDS-.jpg\",\"contentUrl\":\"https:\/\/iberica.info\/wp-content\/uploads\/2019\/07\/19-20-IB-PE-FLAMENCOKIDS-.jpg\",\"width\":4961,\"height\":3508,\"caption\":\"Flamenco enfants Lille Nord Seclin Hauts de France\"},{\"@type\":\"WebPage\",\"@id\":\"https:\/\/iberica.info\/index.php\/cours-stages-2\/flamenco-enfants-flamenco-kids\/#webpage\",\"url\":\"https:\/\/iberica.info\/index.php\/cours-stages-2\/flamenco-enfants-flamenco-kids\/\",\"name\":\"FLAMENCO ENFANTS LILLE NORD HAUTS DE FRANCE - FLAMENCO KIDS - Ib\u00e9rica Centre de Culture Art &amp; Danse\",\"isPartOf\":{\"@id\":\"https:\/\/iberica.info\/#website\"},\"primaryImageOfPage\":{\"@id\":\"https:\/\/iberica.info\/index.php\/cours-stages-2\/flamenco-enfants-flamenco-kids\/#primaryimage\"},\"datePublished\":\"2021-06-13T15:49:37+00:00\",\"dateModified\":\"2025-08-24T07:40:55+00:00\",\"breadcrumb\":{\"@id\":\"https:\/\/iberica.info\/index.php\/cours-stages-2\/flamenco-enfants-flamenco-kids\/#breadcrumb\"},\"inLanguage\":\"fr-FR\",\"potentialAction\":[{\"@type\":\"ReadAction\",\"target\":[\"https:\/\/iberica.info\/index.php\/cours-stages-2\/flamenco-enfants-flamenco-kids\/\"]}]},{\"@type\":\"BreadcrumbList\",\"@id\":\"https:\/\/iberica.info\/index.php\/cours-stages-2\/flamenco-enfants-flamenco-kids\/#breadcrumb\",\"itemListElement\":[{\"@type\":\"ListItem\",\"position\":1,\"name\":\"Accueil\",\"item\":\"https:\/\/iberica.info\/\"},{\"@type\":\"ListItem\",\"position\":2,\"name\":\"COURS \/ STAGES\",\"item\":\"https:\/\/iberica.info\/index.php\/cours-stages-2\/\"},{\"@type\":\"ListItem\",\"position\":3,\"name\":\"FLAMENCO ENFANTS LILLE NORD HAUTS DE FRANCE &#8211; FLAMENCO KIDS\"}]}]}<\/script>\n<!-- \/ Yoast SEO plugin. -->","yoast_head_json":{"title":"FLAMENCO ENFANTS LILLE NORD HAUTS DE FRANCE - FLAMENCO KIDS - Ib\u00e9rica Centre de Culture Art &amp; Danse","robots":{"index":"index","follow":"follow","max-snippet":"max-snippet:-1","max-image-preview":"max-image-preview:large","max-video-preview":"max-video-preview:-1"},"canonical":"https:\/\/iberica.info\/index.php\/cours-stages-2\/flamenco-enfants-flamenco-kids\/","og_locale":"fr_FR","og_type":"article","og_title":"FLAMENCO ENFANTS LILLE NORD HAUTS DE FRANCE - FLAMENCO KIDS - Ib\u00e9rica Centre de Culture Art &amp; Danse","og_description":"FLAMENCO ENFANTS LILLE NORD FLAMENCOKIDS LES MERCREDIS &#8211; Ol\u00e9 Ni\u00f1os ! En partenariat avec la PE\u00d1A ESTRELLA FLAMENCO \u00e0 LILLE, IB\u00c9RICA propose un cours hebdomadaire pour enfants 14-14h45 (5 \u00e0 9 ans) \/ 15-15h45 (+10ans) les mercredis (hors vacances scolaires) Tarifs annuels : 140\u20ac + 10\u20ac adh\u00e9sion &#8211; 30 s\u00e9ances \u00e0 l&#8217;ann\u00e9e DATES 2025-26 : [&hellip;]","og_url":"https:\/\/iberica.info\/index.php\/cours-stages-2\/flamenco-enfants-flamenco-kids\/","og_site_name":"Ib\u00e9rica Centre de Culture Art &amp; Danse","article_publisher":"https:\/\/www.facebook.com\/iberica.nord","article_modified_time":"2025-08-24T07:40:55+00:00","og_image":[{"width":1024,"height":724,"url":"https:\/\/iberica.info\/wp-content\/uploads\/2019\/07\/19-20-IB-PE-FLAMENCOKIDS--1024x724.jpg","type":"image\/jpeg"}],"twitter_card":"summary","twitter_misc":{"Dur\u00e9e de lecture estim\u00e9e":"2 minutes"},"schema":{"@context":"https:\/\/schema.org","@graph":[{"@type":"WebSite","@id":"https:\/\/iberica.info\/#website","url":"https:\/\/iberica.info\/","name":"Ib\u00e9rica Centre de Culture Art &amp; Danse","description":"Flamenco Fado Gypsy Espagne Portugal Hauts de France - France","potentialAction":[{"@type":"SearchAction","target":{"@type":"EntryPoint","urlTemplate":"https:\/\/iberica.info\/?s={search_term_string}"},"query-input":"required name=search_term_string"}],"inLanguage":"fr-FR"},{"@type":"ImageObject","inLanguage":"fr-FR","@id":"https:\/\/iberica.info\/index.php\/cours-stages-2\/flamenco-enfants-flamenco-kids\/#primaryimage","url":"https:\/\/iberica.info\/wp-content\/uploads\/2019\/07\/19-20-IB-PE-FLAMENCOKIDS-.jpg","contentUrl":"https:\/\/iberica.info\/wp-content\/uploads\/2019\/07\/19-20-IB-PE-FLAMENCOKIDS-.jpg","width":4961,"height":3508,"caption":"Flamenco enfants Lille Nord Seclin Hauts de France"},{"@type":"WebPage","@id":"https:\/\/iberica.info\/index.php\/cours-stages-2\/flamenco-enfants-flamenco-kids\/#webpage","url":"https:\/\/iberica.info\/index.php\/cours-stages-2\/flamenco-enfants-flamenco-kids\/","name":"FLAMENCO ENFANTS LILLE NORD HAUTS DE FRANCE - FLAMENCO KIDS - Ib\u00e9rica Centre de Culture Art &amp; Danse","isPartOf":{"@id":"https:\/\/iberica.info\/#website"},"primaryImageOfPage":{"@id":"https:\/\/iberica.info\/index.php\/cours-stages-2\/flamenco-enfants-flamenco-kids\/#primaryimage"},"datePublished":"2021-06-13T15:49:37+00:00","dateModified":"2025-08-24T07:40:55+00:00","breadcrumb":{"@id":"https:\/\/iberica.info\/index.php\/cours-stages-2\/flamenco-enfants-flamenco-kids\/#breadcrumb"},"inLanguage":"fr-FR","potentialAction":[{"@type":"ReadAction","target":["https:\/\/iberica.info\/index.php\/cours-stages-2\/flamenco-enfants-flamenco-kids\/"]}]},{"@type":"BreadcrumbList","@id":"https:\/\/iberica.info\/index.php\/cours-stages-2\/flamenco-enfants-flamenco-kids\/#breadcrumb","itemListElement":[{"@type":"ListItem","position":1,"name":"Accueil","item":"https:\/\/iberica.info\/"},{"@type":"ListItem","position":2,"name":"COURS \/ STAGES","item":"https:\/\/iberica.info\/index.php\/cours-stages-2\/"},{"@type":"ListItem","position":3,"name":"FLAMENCO ENFANTS LILLE NORD HAUTS DE FRANCE &#8211; FLAMENCO KIDS"}]}]}},"_links":{"self":[{"href":"https:\/\/iberica.info\/index.php\/wp-json\/wp\/v2\/pages\/284"}],"collection":[{"href":"https:\/\/iberica.info\/index.php\/wp-json\/wp\/v2\/pages"}],"about":[{"href":"https:\/\/iberica.info\/index.php\/wp-json\/wp\/v2\/types\/page"}],"author":[{"embeddable":true,"href":"https:\/\/iberica.info\/index.php\/wp-json\/wp\/v2\/users\/1"}],"replies":[{"embeddable":true,"href":"https:\/\/iberica.info\/index.php\/wp-json\/wp\/v2\/comments?post=284"}],"version-history":[{"count":58,"href":"https:\/\/iberica.info\/index.php\/wp-json\/wp\/v2\/pages\/284\/revisions"}],"predecessor-version":[{"id":1776,"href":"https:\/\/iberica.info\/index.php\/wp-json\/wp\/v2\/pages\/284\/revisions\/1776"}],"up":[{"embeddable":true,"href":"https:\/\/iberica.info\/index.php\/wp-json\/wp\/v2\/pages\/169"}],"wp:featuredmedia":[{"embeddable":true,"href":"https:\/\/iberica.info\/index.php\/wp-json\/wp\/v2\/media\/663"}],"wp:attachment":[{"href":"https:\/\/iberica.info\/index.php\/wp-json\/wp\/v2\/media?parent=284"}],"curies":[{"name":"wp","href":"https:\/\/api.w.org\/{rel}","templated":true}]}}