{"id":406,"date":"2018-01-03T19:17:28","date_gmt":"2018-01-03T18:17:28","guid":{"rendered":"http:\/\/iberica.info\/?page_id=406"},"modified":"2026-04-14T13:29:18","modified_gmt":"2026-04-14T11:29:18","slug":"agenda","status":"publish","type":"page","link":"https:\/\/iberica.info\/index.php\/agenda\/","title":{"rendered":"AGENDA"},"content":{"rendered":"\n<p><em><strong>Activit\u00e9s Hebdomadaires&nbsp; :<\/strong><\/em><\/p>\n\n\n\n<blockquote class=\"wp-block-quote is-style-default has-small-font-size\"><p>Cours <a href=\"http:\/\/iberica.info\/index.php\/2017\/10\/16\/flamenco-kids-lille-seclin-enfants\/\">FLAMENCO KIDS<\/a> les mercredis <\/p><p>&nbsp;<a href=\"http:\/\/iberica.info\/index.php\/flamenctonic-depensez-flamenco-cardio\/\">FLAMENC&#8217;TONIC&#8217;<\/a> les Mercredis de 19h-19h45 (activit\u00e9 \u00e0 confirmer)<\/p><p>Cours Espagnol et Portugais les samedis matins &#8211; bi-mensuels<\/p><\/blockquote>\n\n\n\n<hr class=\"wp-block-separator\"\/>\n\n\n\n<p class=\"has-text-align-center has-vivid-red-color has-text-color\"><strong>REPRISE DES COURS DE DANSE : SEMAINE DU 16 au 22\/09\/202<\/strong>5<\/p>\n\n\n\n<div class=\"wp-container-2 wp-block-group\"><div class=\"wp-block-group__inner-container\">\n<div class=\"wp-container-1 wp-block-group\"><div class=\"wp-block-group__inner-container\">\n<p><strong>SEPTEMBRE 2025<\/strong><\/p>\n<\/div><\/div>\n\n\n\n<ul><li>14\/09 DOMINGO IB\u00c9RICO :<a href=\"http:\/\/iberica.info\/index.php\/2023\/09\/01\/bar-tapas-restauration-portugais-espagnol-seclin-lille-iberica\/\"> REPAS TYPIQUE PORTUGAIS &amp; ESPAGNOL SECLIN<\/a><\/li><li>Les Mercredis (reprise 17\/09) :&nbsp;<a href=\"http:\/\/iberica.info\/index.php\/cours-stages-2\/flamenco-enfants-flamenco-kids\/\"> FLAMENCO KIDS<\/a> <\/li><li>les Mercredis (reprise 17\/09) &#8211; 19h-19h45 : <a href=\"http:\/\/iberica.info\/index.php\/flamenctonic-depensez-flamenco-cardio\/\">FLAMENC&#8217;TONIC&#8217;<\/a> <strong>NON CONFIRM\u00c9<\/strong><\/li><li>Les Samedis (06\/09 reprise)  : <a href=\"http:\/\/iberica.info\/index.php\/cours-stages-2\/cours-de-langues-portugais-etou-espagnol\/\">COURS DE PORTUGAIS<\/a> Bimensuels <\/li><li>Les Samedis (13\/09 reprise)  :&nbsp; <a href=\"http:\/\/iberica.info\/index.php\/cours-stages-2\/cours-de-langues-portugais-etou-espagnol\/\">COURS D&#8217;ESPAGNOL<\/a> Bimensuels<\/li><li>28\/09 : <a href=\"http:\/\/iberica.info\/index.php\/cours-stages-2\/cours-de-danse-flamenco-salsa-orientale-nord-pasdecalais-picardie-lille\/\">Cours Flamenco SEVILLANAS 1ra <\/a><\/li><li>Dimanche 28\/09 : <a href=\"http:\/\/penaestrella.fr\/cours-de-danse\/#Cours_Technique_Bimensuels\">TECHNIQUE FLAMENCO<\/a> <em>&#8211; organis\u00e9 par PE\u00d1A ESTRELLA<\/em><\/li><\/ul>\n<\/div><\/div>\n\n\n\n<p><strong>OCTOBRE 2025<\/strong><\/p>\n\n\n\n<ul><li>05\/10 DOMINGO IB\u00c9RICO :<a href=\"http:\/\/iberica.info\/index.php\/2023\/09\/01\/bar-tapas-restauration-portugais-espagnol-seclin-lille-iberica\/\"> REPAS TYPIQUE PORTUGAIS &amp; ESPAGNOL SECLIN<\/a><\/li><li>Les Mercredis :&nbsp;<a href=\"http:\/\/iberica.info\/index.php\/cours-stages-2\/flamenco-enfants-flamenco-kids\/\"> FLAMENCO KIDS<\/a><\/li><li>les Mercredis 19h-19h45 : <a href=\"http:\/\/iberica.info\/index.php\/flamenctonic-depensez-flamenco-cardio\/\">FLAMENC&#8217;TONIC&#8217;<\/a> &#8211; <strong>NON CONFIRM\u00c9<\/strong><\/li><li>Les Samedis matins : <a href=\"http:\/\/iberica.info\/index.php\/cours-stages-2\/cours-de-langues-portugais-etou-espagnol\/\">COURS DE PORTUGAIS<\/a> Bimensuels <\/li><li>Les Samedis matins :&nbsp; <a href=\"http:\/\/iberica.info\/index.php\/cours-stages-2\/cours-de-langues-portugais-etou-espagnol\/\">COURS D&#8217;ESPAGNOL<\/a> Bimensuels<\/li><li>Dimanche 12\/10 : <a href=\"http:\/\/penaestrella.fr\/cours-de-danse\/#Cours_Technique_Bimensuels\">TECHNIQUE FLAMENCO<\/a> <em>&#8211; PE\u00d1A ESTRELLA<\/em><\/li><\/ul>\n\n\n\n<div class=\"wp-container-3 wp-block-group\"><div class=\"wp-block-group__inner-container\">\n<p><strong>NOVEMBRE 2025<\/strong><\/p>\n\n\n\n<ul><li>09\/11 DOMINGO IB\u00c9RICO :<a href=\"http:\/\/iberica.info\/index.php\/2023\/09\/01\/bar-tapas-restauration-portugais-espagnol-seclin-lille-iberica\/\"> REPAS TYPIQUE PORTUGAIS &amp; ESPAGNOL SECLIN<\/a><\/li><li>16\/11 : <a href=\"http:\/\/iberica.info\/index.php\/cours-stages-2\/cours-de-danse-flamenco-salsa-orientale-nord-pasdecalais-picardie-lille\/\">Cours Flamenco SEVILLANAS 2<\/a><\/li><li>Les Mercredis :&nbsp;<a href=\"http:\/\/iberica.info\/index.php\/cours-stages-2\/flamenco-enfants-flamenco-kids\/\"> FLAMENCO KIDS<\/a><\/li><li>les Mercredis 19h-19h45&nbsp;&nbsp;<a href=\"http:\/\/iberica.info\/index.php\/flamenctonic-depensez-flamenco-cardio\/\">FLAMENC&#8217;TONIC&#8217;<\/a>&nbsp;&#8211; <strong>NON CONFIRM\u00c9<\/strong><\/li><li>Les Samedis matins : <a href=\"http:\/\/iberica.info\/index.php\/cours-stages-2\/cours-de-langues-portugais-etou-espagnol\/\">COURS DE PORTUGAIS<\/a> Bimensuels<\/li><li>Les Samedis matins :&nbsp; <a href=\"http:\/\/iberica.info\/index.php\/cours-stages-2\/cours-de-langues-portugais-etou-espagnol\/\">COURS D&#8217;ESPAGNOL<\/a> Bimensuels<\/li><li>Dimanche 16\/11 : <a href=\"http:\/\/penaestrella.fr\/cours-de-danse\/#Cours_Technique_Bimensuels\">TECHNIQUE FLAMENCO<\/a> <em>&#8211; PE\u00d1A ESTRELLA<\/em><\/li><\/ul>\n\n\n\n<p><strong>D\u00c9CEMBRE 2025<\/strong><\/p>\n\n\n\n<ul><li>07\/12 DOMINGO IB\u00c9RICO :<a href=\"http:\/\/iberica.info\/index.php\/2023\/09\/01\/bar-tapas-restauration-portugais-espagnol-seclin-lille-iberica\/\"> REPAS TYPIQUE PORTUGAIS &amp; ESPAGNOL SECLIN<\/a><\/li><li>Les Mercredis :&nbsp;<a href=\"http:\/\/iberica.info\/index.php\/cours-stages-2\/flamenco-enfants-flamenco-kids\/\"> FLAMENCO KIDS<\/a><\/li><li>les Mercredis 19h-20h : <a href=\"http:\/\/iberica.info\/index.php\/flamenctonic-depensez-flamenco-cardio\/\">FLAMENC&#8217;TONIC&#8217;<\/a> &#8211; <strong>NON CONFIRM\u00c9<\/strong><\/li><li>Les Samedis matins : <a href=\"http:\/\/iberica.info\/index.php\/cours-stages-2\/cours-de-langues-portugais-etou-espagnol\/\">COURS DE PORTUGAIS<\/a> Bimensuels &#8211; <strong>NON CONFIRM\u00c9<\/strong><\/li><li>Les Samedis matins :&nbsp; <a href=\"http:\/\/iberica.info\/index.php\/cours-stages-2\/cours-de-langues-portugais-etou-espagnol\/\">COURS D&#8217;ESPAGNOL<\/a> Bimensuels<\/li><li>Dimanche 14\/12 : <a href=\"http:\/\/penaestrella.fr\/cours-de-danse\/#Cours_Technique_Bimensuels\">TECHNIQUE FLAMENCO<\/a> <em>&#8211; PE\u00d1A ESTRELLA<\/em><\/li><\/ul>\n<\/div><\/div>\n\n\n\n<hr class=\"wp-block-separator\"\/>\n\n\n\n<p><strong>JANVIER 2026<\/strong><\/p>\n\n\n\n<ul><li>11\/01 :<a href=\"http:\/\/iberica.info\/index.php\/cours-stages-2\/cours-de-danse-flamenco-salsa-orientale-nord-pasdecalais-picardie-lille\/\"> STAGE FLAMENCO SEVILLANAS<\/a> 3<\/li><li>Les Mercredis :&nbsp;<a href=\"http:\/\/iberica.info\/index.php\/cours-stages-2\/flamenco-enfants-flamenco-kids\/\"> FLAMENCO KIDS<\/a><\/li><li>les Mercredis 19h-19h45 : <a href=\"http:\/\/iberica.info\/index.php\/flamenctonic-depensez-flamenco-cardio\/\">FLAMENC&#8217;TONIC&#8217;<\/a> &#8211; <strong>NON CONFIRM\u00c9<\/strong><\/li><li>Les Samedis matins : <a href=\"http:\/\/iberica.info\/index.php\/cours-stages-2\/cours-de-langues-portugais-etou-espagnol\/\">COURS DE PORTUGAIS<\/a> Bimensuels &#8211; <strong>NON CONFIRM\u00c9<\/strong><\/li><li>Les Samedis matins :&nbsp; <a href=\"http:\/\/iberica.info\/index.php\/cours-stages-2\/cours-de-langues-portugais-etou-espagnol\/\">COURS D&#8217;ESPAGNOL<\/a> Bimensuels<\/li><li>Dimanche 11\/01 : <a href=\"http:\/\/penaestrella.fr\/cours-de-danse\/#Cours_Technique_Bimensuels\">TECHNIQUE FLAMENCO<\/a> <em>&#8211; PE\u00d1A ESTRELLA<\/em><\/li><\/ul>\n\n\n\n<p><strong>F\u00c9VRIER 2026<\/strong><\/p>\n\n\n\n<ul><li>01\/02 &#8211; 12h \u00e0 16h : <a href=\"http:\/\/iberica.info\/index.php\/2024\/01\/24\/bar-tapas-restauration-portugais-espagnol-seclin-lille-iberica\/\">DOMINGO IB\u00c9RICO REPAS RESTAURATION BAR TAPAS<\/a><\/li><li>Les Mercredis :&nbsp;<a href=\"http:\/\/iberica.info\/index.php\/cours-stages-2\/flamenco-enfants-flamenco-kids\/\"> FLAMENCO KIDS<\/a><\/li><li>les Mercredis 19h-19h45 : <a href=\"http:\/\/iberica.info\/index.php\/flamenctonic-depensez-flamenco-cardio\/\">FLAMENC&#8217;TONIC&#8217;<\/a><\/li><li>Les Samedis matins : <a href=\"http:\/\/iberica.info\/index.php\/cours-stages-2\/cours-de-langues-portugais-etou-espagnol\/\">COURS DE PORTUGAIS<\/a> Bimensuels  &#8211; <strong>NON CONFIRM\u00c9<\/strong><\/li><li>Les Samedis matins :&nbsp; <a href=\"http:\/\/iberica.info\/index.php\/cours-stages-2\/cours-de-langues-portugais-etou-espagnol\/\">COURS D&#8217;ESPAGNOL<\/a> Bimensuels<\/li><li>Dimanche 08\/02 &#8211; 9h \u00e0 11h : <a href=\"http:\/\/penaestrella.fr\/cours-de-danse\/#Cours_Technique_Bimensuels\">TECHNIQUE FLAMENCO<\/a> <em>&#8211; PE\u00d1A ESTRELLA<\/em><\/li><\/ul>\n\n\n\n<p><strong>MARS 2026<\/strong><\/p>\n\n\n\n<ul><li>08\/03 &#8211; 12h \u00e0 16h : <a href=\"http:\/\/iberica.info\/index.php\/2024\/01\/24\/bar-tapas-restauration-portugais-espagnol-seclin-lille-iberica\/\">DOMINGO IB\u00c9RICO REPAS RESTAURATION BAR TAPAS<\/a><\/li><li>08\/03 -11H \u00e0 12H : ASSEMBL\u00c9E G\u00c9N\u00c9RALE IB\u00c9RICA<\/li><li>15\/03 :<a href=\"http:\/\/iberica.info\/index.php\/cours-stages-2\/cours-de-danse-flamenco-salsa-orientale-nord-pasdecalais-picardie-lille\/\"> STAGE FLAMENCO SEVILLANAS 4<\/a><\/li><li>Les Mercredis :&nbsp;<a href=\"http:\/\/iberica.info\/index.php\/cours-stages-2\/flamenco-enfants-flamenco-kids\/\"> FLAMENCO KIDS<\/a><\/li><li>les Mercredis 19h-19h45 : <a href=\"http:\/\/iberica.info\/index.php\/flamenctonic-depensez-flamenco-cardio\/\">FLAMENC&#8217;TONIC&#8217;<\/a><\/li><li>Les Samedis matins : <a href=\"http:\/\/iberica.info\/index.php\/cours-stages-2\/cours-de-langues-portugais-etou-espagnol\/\">COURS DE PORTUGAIS<\/a> Bimensuels &#8211; <strong>NON CONFIRM\u00c9<\/strong><\/li><li>Les Samedis matins :&nbsp; <a href=\"http:\/\/iberica.info\/index.php\/cours-stages-2\/cours-de-langues-portugais-etou-espagnol\/\">COURS D&#8217;ESPAGNOL<\/a> Bimensuels<\/li><li>Dimanche 15\/03 : <a href=\"http:\/\/penaestrella.fr\/cours-de-danse\/#Cours_Technique_Bimensuels\">TECHNIQUE FLAMENCO<\/a> <em>&#8211; PE\u00d1A ESTRELLA<\/em><\/li><\/ul>\n\n\n\n<p><strong>AVRIL 2026<\/strong><\/p>\n\n\n\n<ul><li>05\/04 &#8211; 12h \u00e0 16h : <a href=\"http:\/\/iberica.info\/index.php\/2024\/01\/24\/bar-tapas-restauration-portugais-espagnol-seclin-lille-iberica\/\">DOMINGO IBERICO REPAS RESTAURATION BAR TAPAS<\/a><\/li><li>Les Mercredis :&nbsp;<a href=\"http:\/\/iberica.info\/index.php\/cours-stages-2\/flamenco-enfants-flamenco-kids\/\"> FLAMENCO KIDS<\/a><\/li><li>les Mercredis 19h-19h45 : <a href=\"http:\/\/iberica.info\/index.php\/flamenctonic-depensez-flamenco-cardio\/\">FLAMENC&#8217;TONIC&#8217;<\/a>&nbsp;<\/li><li>Les Samedis matins : <a href=\"http:\/\/iberica.info\/index.php\/cours-stages-2\/cours-de-langues-portugais-etou-espagnol\/\">COURS DE PORTUGAIS<\/a> Bimensuels &#8211; <strong>NON CONFIRM\u00c9<\/strong><\/li><li>Les Samedis matins :&nbsp; <a href=\"http:\/\/iberica.info\/index.php\/cours-stages-2\/cours-de-langues-portugais-etou-espagnol\/\">COURS D&#8217;ESPAGNOL<\/a> Bimensuels<\/li><li>Dimanche 12\/04 : <a href=\"http:\/\/penaestrella.fr\/cours-de-danse\/#Cours_Technique_Bimensuels\">TECHNIQUE FLAMENCO<\/a> <em>&#8211; PE\u00d1A ESTRELLA<\/em><\/li><\/ul>\n\n\n\n<p><strong>MAI 2026<\/strong><\/p>\n\n\n\n<ul><li>03\/05 &#8211; 12h \u00e0 16h : <a href=\"http:\/\/iberica.info\/index.php\/2024\/01\/24\/bar-tapas-restauration-portugais-espagnol-seclin-lille-iberica\/\">DOMINGO IB\u00c9RICO REPAS RESTAURATION BAR TAPAS<\/a><\/li><li>17\/05 : <a href=\"http:\/\/iberica.info\/index.php\/2017\/11\/09\/flamenco-lille-nord-seclin-cours-stages-adultes-ados\/\">4 SEVILLANAS\u00a0<\/a> avec ESTRELLA LA PELI DE LINARES<\/li><li>Les Mercredis :\u00a0<a href=\"http:\/\/iberica.info\/index.php\/cours-stages-2\/flamenco-enfants-flamenco-kids\/\"> FLAMENCO KIDS<\/a><\/li><li>les Mercredis 19h-19h45 : <a href=\"http:\/\/iberica.info\/index.php\/flamenctonic-depensez-flamenco-cardio\/\">FLAMENC&#8217;TONIC&#8217;<\/a><\/li><li>Les Samedis matins : <a href=\"http:\/\/iberica.info\/index.php\/cours-stages-2\/cours-de-langues-portugais-etou-espagnol\/\">COURS DE PORTUGAIS<\/a> Bimensuels &#8211; fin des cours 16\/05 &#8211; <strong>NON CONFIRM\u00c9<\/strong><\/li><li>Les Samedis matins :\u00a0 <a href=\"http:\/\/iberica.info\/index.php\/cours-stages-2\/cours-de-langues-portugais-etou-espagnol\/\">COURS D&#8217;ESPAGNOL<\/a> Bimensuels &#8211; fin des cours\u00a0 23\/05<\/li><li>Dimanche 17\/05 : <a href=\"http:\/\/penaestrella.fr\/cours-de-danse\/#Cours_Technique_Bimensuels\">TECHNIQUE FLAMENCO<\/a> <em>&#8211; PE\u00d1A ESTRELLA<\/em><\/li><li>LUNDI 25\/05 : <a href=\"https:\/\/iberica.info\/index.php\/2026\/04\/14\/gala-flamenco-2026-lille-seclin\/\">GALA FLAMENCO DES PE\u00d1AS IB\u00c9RICA &amp; ESTRELLA LILLE &#8211; Salle Ronny Coutteure SECLIN<\/a><\/li><\/ul>\n\n\n\n<p><strong>JUIN 2026<\/strong><\/p>\n\n\n\n<ul><li>Les Mercredis :&nbsp;<a href=\"http:\/\/iberica.info\/index.php\/cours-stages-2\/flamenco-enfants-flamenco-kids\/\"> FLAMENCO KIDS<\/a> &#8211; fin des cours 03\/06<\/li><li>les Mercredis 19h-19h45 : <a href=\"http:\/\/iberica.info\/index.php\/flamenctonic-depensez-flamenco-cardio\/\">FLAMENC&#8217;TONIC&#8217;<\/a>&#8211; fin des cours 03\/06 &#8211; <strong>NON CONFIRM\u00c9<\/strong><\/li><li>23 au 27\/06 : <a href=\"https:\/\/iberica.info\/index.php\/2025\/05\/24\/stage-flamenco-lille-seclin-2026-iberica-el-verano-suena-flamenco-xieme-edition\/\">STAGE FLAMENCO SUENA FLAMENCO avec ESTRE<\/a>LLA LA PELI<\/li><li>28\/06 : <a href=\"http:\/\/iberica.info\/index.php\/2025\/05\/24\/fete-de-fin-dannee-28-juin-2026-a-12h\/\">REPAS BAR TAPAS CONCERT IB\u00c9RIQUE &#8211; SC\u00c8NE OUVERTE \/ EN GUEST EL CUMPLE DE PEPE JOSELITO DEL FUEGO<\/a><\/li><\/ul>\n\n\n\n<p><strong>JUILLET 2026<\/strong> <strong>&#8211; AOUT 2026<\/strong><\/p>\n\n\n\n<h2 class=\"has-text-align-center has-vivid-red-color has-text-color\">VACACIONES &#8211; F\u00c9RIAS <\/h2>\n","protected":false},"excerpt":{"rendered":"<p>Activit\u00e9s Hebdomadaires&nbsp; : Cours FLAMENCO KIDS les mercredis &nbsp;FLAMENC&#8217;TONIC&#8217; les Mercredis de 19h-19h45 (activit\u00e9 \u00e0 confirmer) Cours Espagnol et Portugais les samedis matins &#8211; bi-mensuels REPRISE DES COURS DE DANSE : SEMAINE DU 16 au 22\/09\/2025 SEPTEMBRE 2025 14\/09 DOMINGO IB\u00c9RICO : REPAS TYPIQUE PORTUGAIS &amp; ESPAGNOL SECLIN Les Mercredis (reprise 17\/09) :&nbsp; FLAMENCO KIDS [&hellip;]<\/p>\n","protected":false},"author":1,"featured_media":0,"parent":0,"menu_order":0,"comment_status":"closed","ping_status":"closed","template":"","meta":{"_mi_skip_tracking":false,"ngg_post_thumbnail":0},"yoast_head":"<!-- This site is optimized with the Yoast SEO plugin v18.9 - https:\/\/yoast.com\/wordpress\/plugins\/seo\/ -->\n<title>AGENDA - Ib\u00e9rica Centre de Culture Art &amp; Danse<\/title>\n<meta name=\"robots\" content=\"index, follow, max-snippet:-1, max-image-preview:large, max-video-preview:-1\" \/>\n<link rel=\"canonical\" href=\"https:\/\/iberica.info\/index.php\/agenda\/\" \/>\n<meta property=\"og:locale\" content=\"fr_FR\" \/>\n<meta property=\"og:type\" content=\"article\" \/>\n<meta property=\"og:title\" content=\"AGENDA - Ib\u00e9rica Centre de Culture Art &amp; Danse\" \/>\n<meta property=\"og:description\" content=\"Activit\u00e9s Hebdomadaires&nbsp; : Cours FLAMENCO KIDS les mercredis &nbsp;FLAMENC&#8217;TONIC&#8217; les Mercredis de 19h-19h45 (activit\u00e9 \u00e0 confirmer) Cours Espagnol et Portugais les samedis matins &#8211; bi-mensuels REPRISE DES COURS DE DANSE : SEMAINE DU 16 au 22\/09\/2025 SEPTEMBRE 2025 14\/09 DOMINGO IB\u00c9RICO : REPAS TYPIQUE PORTUGAIS &amp; ESPAGNOL SECLIN Les Mercredis (reprise 17\/09) :&nbsp; FLAMENCO KIDS [&hellip;]\" \/>\n<meta property=\"og:url\" content=\"https:\/\/iberica.info\/index.php\/agenda\/\" \/>\n<meta property=\"og:site_name\" content=\"Ib\u00e9rica Centre de Culture Art &amp; Danse\" \/>\n<meta property=\"article:publisher\" content=\"https:\/\/www.facebook.com\/iberica.nord\" \/>\n<meta property=\"article:modified_time\" content=\"2026-04-14T11:29:18+00:00\" \/>\n<meta name=\"twitter:card\" content=\"summary\" \/>\n<meta name=\"twitter:label1\" content=\"Dur\u00e9e de lecture estim\u00e9e\" \/>\n\t<meta name=\"twitter:data1\" content=\"3 minutes\" \/>\n<script type=\"application\/ld+json\" class=\"yoast-schema-graph\">{\"@context\":\"https:\/\/schema.org\",\"@graph\":[{\"@type\":\"WebSite\",\"@id\":\"https:\/\/iberica.info\/#website\",\"url\":\"https:\/\/iberica.info\/\",\"name\":\"Ib\u00e9rica Centre de Culture Art &amp; Danse\",\"description\":\"Flamenco Fado Gypsy Espagne Portugal Hauts de France - France\",\"potentialAction\":[{\"@type\":\"SearchAction\",\"target\":{\"@type\":\"EntryPoint\",\"urlTemplate\":\"https:\/\/iberica.info\/?s={search_term_string}\"},\"query-input\":\"required name=search_term_string\"}],\"inLanguage\":\"fr-FR\"},{\"@type\":\"WebPage\",\"@id\":\"https:\/\/iberica.info\/index.php\/agenda\/#webpage\",\"url\":\"https:\/\/iberica.info\/index.php\/agenda\/\",\"name\":\"AGENDA - Ib\u00e9rica Centre de Culture Art &amp; Danse\",\"isPartOf\":{\"@id\":\"https:\/\/iberica.info\/#website\"},\"datePublished\":\"2018-01-03T18:17:28+00:00\",\"dateModified\":\"2026-04-14T11:29:18+00:00\",\"breadcrumb\":{\"@id\":\"https:\/\/iberica.info\/index.php\/agenda\/#breadcrumb\"},\"inLanguage\":\"fr-FR\",\"potentialAction\":[{\"@type\":\"ReadAction\",\"target\":[\"https:\/\/iberica.info\/index.php\/agenda\/\"]}]},{\"@type\":\"BreadcrumbList\",\"@id\":\"https:\/\/iberica.info\/index.php\/agenda\/#breadcrumb\",\"itemListElement\":[{\"@type\":\"ListItem\",\"position\":1,\"name\":\"Accueil\",\"item\":\"https:\/\/iberica.info\/\"},{\"@type\":\"ListItem\",\"position\":2,\"name\":\"AGENDA\"}]}]}<\/script>\n<!-- \/ Yoast SEO plugin. -->","yoast_head_json":{"title":"AGENDA - Ib\u00e9rica Centre de Culture Art &amp; Danse","robots":{"index":"index","follow":"follow","max-snippet":"max-snippet:-1","max-image-preview":"max-image-preview:large","max-video-preview":"max-video-preview:-1"},"canonical":"https:\/\/iberica.info\/index.php\/agenda\/","og_locale":"fr_FR","og_type":"article","og_title":"AGENDA - Ib\u00e9rica Centre de Culture Art &amp; Danse","og_description":"Activit\u00e9s Hebdomadaires&nbsp; : Cours FLAMENCO KIDS les mercredis &nbsp;FLAMENC&#8217;TONIC&#8217; les Mercredis de 19h-19h45 (activit\u00e9 \u00e0 confirmer) Cours Espagnol et Portugais les samedis matins &#8211; bi-mensuels REPRISE DES COURS DE DANSE : SEMAINE DU 16 au 22\/09\/2025 SEPTEMBRE 2025 14\/09 DOMINGO IB\u00c9RICO : REPAS TYPIQUE PORTUGAIS &amp; ESPAGNOL SECLIN Les Mercredis (reprise 17\/09) :&nbsp; FLAMENCO KIDS [&hellip;]","og_url":"https:\/\/iberica.info\/index.php\/agenda\/","og_site_name":"Ib\u00e9rica Centre de Culture Art &amp; Danse","article_publisher":"https:\/\/www.facebook.com\/iberica.nord","article_modified_time":"2026-04-14T11:29:18+00:00","twitter_card":"summary","twitter_misc":{"Dur\u00e9e de lecture estim\u00e9e":"3 minutes"},"schema":{"@context":"https:\/\/schema.org","@graph":[{"@type":"WebSite","@id":"https:\/\/iberica.info\/#website","url":"https:\/\/iberica.info\/","name":"Ib\u00e9rica Centre de Culture Art &amp; Danse","description":"Flamenco Fado Gypsy Espagne Portugal Hauts de France - France","potentialAction":[{"@type":"SearchAction","target":{"@type":"EntryPoint","urlTemplate":"https:\/\/iberica.info\/?s={search_term_string}"},"query-input":"required name=search_term_string"}],"inLanguage":"fr-FR"},{"@type":"WebPage","@id":"https:\/\/iberica.info\/index.php\/agenda\/#webpage","url":"https:\/\/iberica.info\/index.php\/agenda\/","name":"AGENDA - Ib\u00e9rica Centre de Culture Art &amp; Danse","isPartOf":{"@id":"https:\/\/iberica.info\/#website"},"datePublished":"2018-01-03T18:17:28+00:00","dateModified":"2026-04-14T11:29:18+00:00","breadcrumb":{"@id":"https:\/\/iberica.info\/index.php\/agenda\/#breadcrumb"},"inLanguage":"fr-FR","potentialAction":[{"@type":"ReadAction","target":["https:\/\/iberica.info\/index.php\/agenda\/"]}]},{"@type":"BreadcrumbList","@id":"https:\/\/iberica.info\/index.php\/agenda\/#breadcrumb","itemListElement":[{"@type":"ListItem","position":1,"name":"Accueil","item":"https:\/\/iberica.info\/"},{"@type":"ListItem","position":2,"name":"AGENDA"}]}]}},"_links":{"self":[{"href":"https:\/\/iberica.info\/index.php\/wp-json\/wp\/v2\/pages\/406"}],"collection":[{"href":"https:\/\/iberica.info\/index.php\/wp-json\/wp\/v2\/pages"}],"about":[{"href":"https:\/\/iberica.info\/index.php\/wp-json\/wp\/v2\/types\/page"}],"author":[{"embeddable":true,"href":"https:\/\/iberica.info\/index.php\/wp-json\/wp\/v2\/users\/1"}],"replies":[{"embeddable":true,"href":"https:\/\/iberica.info\/index.php\/wp-json\/wp\/v2\/comments?post=406"}],"version-history":[{"count":114,"href":"https:\/\/iberica.info\/index.php\/wp-json\/wp\/v2\/pages\/406\/revisions"}],"predecessor-version":[{"id":1860,"href":"https:\/\/iberica.info\/index.php\/wp-json\/wp\/v2\/pages\/406\/revisions\/1860"}],"wp:attachment":[{"href":"https:\/\/iberica.info\/index.php\/wp-json\/wp\/v2\/media?parent=406"}],"curies":[{"name":"wp","href":"https:\/\/api.w.org\/{rel}","templated":true}]}}