{"id":501,"date":"2018-09-17T17:46:02","date_gmt":"2018-09-17T15:46:02","guid":{"rendered":"http:\/\/iberica.info\/?page_id=501"},"modified":"2018-10-16T11:43:28","modified_gmt":"2018-10-16T09:43:28","slug":"festival-2-3-4-novembre-2018-ivemes-rencontres-iberiques-hauts-de-france-portugal-espagne-nord-de-calais-picardie-lille-seclin","status":"publish","type":"page","link":"https:\/\/iberica.info\/index.php\/festival-2-3-4-novembre-2018-ivemes-rencontres-iberiques-hauts-de-france-portugal-espagne-nord-de-calais-picardie-lille-seclin\/","title":{"rendered":"LE FESTIVAL 2-3-4 Novembre 2018 : LES IV\u00e8mes RENCONTRES IB\u00c9RIQUES DES HAUTS DE FRANCE &#8211; PORTUGAL &#038; ESPAGNE EN NORD PAS DE CALAIS PICARDIE LILLE SECLIN"},"content":{"rendered":"<h5>FESTIVAL 2-3-4 novembre 2018&nbsp;<\/h5>\n<h3>LES IV\u00e8mes RENCONTRES IB\u00c9RIQUES DES HAUTS DE FRANCE<strong> &#8211; <em>PORTUGAL &amp; ESPAGNE EN NORD PAS DE CALAIS PICARDIE &#8211; LILLE SECLIN<\/em><\/strong><\/h3>\n<figure id=\"attachment_506\" aria-describedby=\"caption-attachment-506\" style=\"width: 728px\" class=\"wp-caption aligncenter\"><img loading=\"lazy\" class=\"size-large wp-image-506\" src=\"http:\/\/iberica.info\/wp-content\/uploads\/2018\/09\/IVtos-Encoentros-Ib\u00e9ricos-cartel-A3-2-728x1024.jpg\" alt=\"festival espagne portugal flamenco fado lille seclin nord pas de calais picardie\" width=\"728\" height=\"1024\" srcset=\"https:\/\/iberica.info\/wp-content\/uploads\/2018\/09\/IVtos-Encoentros-Ib\u00e9ricos-cartel-A3-2-728x1024.jpg 728w, https:\/\/iberica.info\/wp-content\/uploads\/2018\/09\/IVtos-Encoentros-Ib\u00e9ricos-cartel-A3-2-213x300.jpg 213w, https:\/\/iberica.info\/wp-content\/uploads\/2018\/09\/IVtos-Encoentros-Ib\u00e9ricos-cartel-A3-2-768x1080.jpg 768w, https:\/\/iberica.info\/wp-content\/uploads\/2018\/09\/IVtos-Encoentros-Ib\u00e9ricos-cartel-A3-2-750x1055.jpg 750w\" sizes=\"(max-width: 728px) 100vw, 728px\" \/><figcaption id=\"caption-attachment-506\" class=\"wp-caption-text\">festival espagne portugal flamenco fado lille seclin nord pas de calais picardie<\/figcaption><\/figure>\n<h5>V\u00e9ritable festival des Hauts de France, les rencontres Ib\u00e9riques r\u00e9unissent, associations, artistes, importateurs, structures et acteurs de la r\u00e9gion engag\u00e9s dans la promotion des Cultures Espagnole et Portugaise sous diverses formes.<\/h5>\n<p><em>IB\u00c9RICA D\u00c9CADA : d\u00e9j\u00e0 10 ans &#8230; r\u00e9union du Portugal et de l&#8217;Espagne dans les Hauts de France. Pour son anniversaire, les membres de l&#8217;association proposent de reprogrammer des rencontres ib\u00e9riques avec les partenaires reconnus pour leur engagement s\u00e9rieux et continu depuis toujours dans le respect des cultures et des artistes de la p\u00e9ninsule : Flamenco, Fado, Folklore, gastronomie, Musiques, Peinture, Danse, Chant &#8230;<\/em><\/p>\n<p><strong><em>PROGRAMME :<\/em><\/strong><br \/>\n<span style=\"color: #800000;\"><em><strong>VENDREDI 02 NOVEMBRE 2018 :<\/strong><\/em><\/span><br \/>\n19h : Ouverture officielle &#8211; d\u00e9gustations de Produits Ib\u00e9riques offertes par les importateurs r\u00e9gionaux CASA JUAN et EURO CAVES NOVAS &#8211; Salle des F\u00eates de Seclin<br \/>\n20h : Initiation FLAMENC&#8217;TONIC &#8211; concept innovant &#8211; avec Estrella la Peli de Linares &#8211; gratuit &#8211; Salle des F\u00eates de Seclin<\/p>\n<hr>\n<p><span style=\"color: #800000;\"><em><strong>SAMEDI 03 NOVEMBRE 2018<\/strong><\/em><\/span><br \/>\n9-11h : Stage Flamenco (D\u00e9butants) avec Estrella la Peli de Linares 25\u20ac &#8211; Pe\u00f1a Sede Ib\u00e9rica SECLIN<br \/>\n11h-11h30 : FLAMENCO&#8217;KIDS &#8211; Danse Flamenco pour enfants &#8211; gratuit &#8211; Pe\u00f1a Sede Ib\u00e9rica SECLIN<\/p>\n<h4>20 h : SPECTACLE FADO FLAMENCO &#8211; 15\/17\u20ac &#8211;<a href=\"http:\/\/iberica.info\/index.php\/reserver-a-iberica\/\"> r\u00e9servez-ici<\/a><\/h4>\n<p>karine GONZALEZ (baile), Paco EL LOBO (Cante), Crist\u00f3bal CORBEL (Guitarra) \/ Jenyfer RAINHO (Canto), Manuel CORGAS (Guitarra), Dominique OGUIC (Viola)<br \/>\n<em>Bar tapas sur Place<\/em><\/p>\n<hr>\n<h4><em><span style=\"color: #800000;\"><strong>DIMANCHE 04 NOVEMBRE 2018<\/strong><\/span><\/em><br \/>\n12h30 : CABARET IB\u00c9RIQUE &#8211; REPAS SPECTACLE<\/h4>\n<p>Menu (Tapas Paella Pasteis) 30\/28\u20ac &#8211; Paella Seule 22\/20\u20ac &#8211; Spectacle seul 7\/5\u20ac<br \/>\nPlus d&#8217;une cinquantaine d&#8217;artistes, musiciens, chanteurs, danseurs Flamenco Folklorique Portugais Gyspy populaire sur sc\u00e8ne<\/p>\n<figure id=\"attachment_507\" aria-describedby=\"caption-attachment-507\" style=\"width: 1024px\" class=\"wp-caption aligncenter\"><img loading=\"lazy\" class=\"size-large wp-image-507\" src=\"http:\/\/iberica.info\/wp-content\/uploads\/2018\/09\/IVtos-Encoentros-Ib\u00e9ricos-recto-1024x727.jpg\" alt=\"festival espagne portugal flamenco fado lille seclin nord pas de calais picardie\" width=\"1024\" height=\"727\" srcset=\"https:\/\/iberica.info\/wp-content\/uploads\/2018\/09\/IVtos-Encoentros-Ib\u00e9ricos-recto-1024x727.jpg 1024w, https:\/\/iberica.info\/wp-content\/uploads\/2018\/09\/IVtos-Encoentros-Ib\u00e9ricos-recto-300x213.jpg 300w, https:\/\/iberica.info\/wp-content\/uploads\/2018\/09\/IVtos-Encoentros-Ib\u00e9ricos-recto-768x546.jpg 768w, https:\/\/iberica.info\/wp-content\/uploads\/2018\/09\/IVtos-Encoentros-Ib\u00e9ricos-recto-750x533.jpg 750w\" sizes=\"(max-width: 1024px) 100vw, 1024px\" \/><figcaption id=\"caption-attachment-507\" class=\"wp-caption-text\">festival espagne portugal flamenco fado lille seclin nord pas de calais picardie<\/figcaption><\/figure>\n<p><img loading=\"lazy\" class=\"aligncenter size-large wp-image-508\" src=\"http:\/\/iberica.info\/wp-content\/uploads\/2018\/09\/IVtos-Encoentros-Ib\u00e9ricos-verso-1024x727.jpg\" alt=\"\" width=\"1024\" height=\"727\" srcset=\"https:\/\/iberica.info\/wp-content\/uploads\/2018\/09\/IVtos-Encoentros-Ib\u00e9ricos-verso-1024x727.jpg 1024w, https:\/\/iberica.info\/wp-content\/uploads\/2018\/09\/IVtos-Encoentros-Ib\u00e9ricos-verso-300x213.jpg 300w, https:\/\/iberica.info\/wp-content\/uploads\/2018\/09\/IVtos-Encoentros-Ib\u00e9ricos-verso-768x546.jpg 768w, https:\/\/iberica.info\/wp-content\/uploads\/2018\/09\/IVtos-Encoentros-Ib\u00e9ricos-verso-750x533.jpg 750w\" sizes=\"(max-width: 1024px) 100vw, 1024px\" \/><\/p>\n<hr>\n<p><span style=\"color: #800000;\"><strong>MASTERCLASS FLAMENCO<\/strong> <\/span>&#8211; <a href=\"http:\/\/iberica.info\/index.php\/reserver-a-iberica\/\">R\u00c9SERVEZ-ICI<\/a><\/p>\n<p><em>SAMEDI 03 NOVEMBRE de 14h \u00e0 16h<\/em><br \/>\n&#8211; <strong>DANSE : TANGOS CANASTEROS<\/strong> avec Karine GONZALEZ (niveau 2 \u00e0 5 ans de pratique) 30\/35\u20ac<em> &#8211; Pe\u00f1a Sede Ib\u00e9rica<\/em><br \/>\n&#8211; <strong>GUITARRA<\/strong> avec Crist\u00f3bal CORBEL (non d\u00e9butants) 30\/35\u20ac <em> &#8211; salle des F\u00eates<\/em><br \/>\n&#8211; <strong>CHANT FLAMENCO <\/strong>avec Paco EL LOBO (D\u00e9butants accept\u00e9s) 30\/35\u20ac<em> &#8211; salle des F\u00eates<\/em><\/p>\n<p><em>DIMANCHE 04 NOVEMBRE de 10h \u00e0 12h<\/em><br \/>\n&#8211; <strong>DANSE : BULERIAS<\/strong> avec Karine GONZALEZ (niveau avanc\u00e9s) 30\/35\u20ac<em> &#8211; Pe\u00f1a Sede Ib\u00e9rica<\/em><\/p>\n<hr>\n<h4>r\u00e9servations Obligatoires au plus tard le 30\/10 <a href=\"http:\/\/iberica.info\/index.php\/reserver-a-iberica\/\">R\u00c9SERVEZ-ICI<\/a><\/h4>\n<p>t\u00e9l : 07.89.82.65.77 ou iberica@live.fr &#8211; infos :<a href=\"http:\/\/iberica.info\"> iberica.info<\/a><\/p>\n<p><em>Les r\u00e9ductions sont accord\u00e9es aux adh\u00e9rents des structures partenaires des rencontres Ib\u00e9riques, au groupe de plus de 15 personnes.<\/em><\/p>\n<h5>Remercions les nombreux partenaires, v\u00e9ritables acteurs reconnus dans notre r\u00e9gion de la promotion de notre culture : PE\u00d1A ESTRELLA, LOS DE LA NOCHE, PE\u00d1A SEDE IB\u00c9RICA, CALLE FERIA, PE\u00d1A ACONTRATIEMPO, LA LUNA LOCA, GROUPE FOLKLORIQUE GRUPO T\u00cdPICO AS PROVINCIAS DE PORTUGAL DE ROUBAIX, FLAMENCO A VALENCIENNES, LUSO&#8217;HAUTS DE FRANCE, THEVENET FEERIE, VASCO &amp; BOLON, CASA JUAN, EUROCAVES NOVAS et les nombreux artistes, danseurs musiciens chanteurs, qui seront pr\u00e9sents lors de ce festival.<\/h5>\n","protected":false},"excerpt":{"rendered":"<p>FESTIVAL 2-3-4 novembre 2018&nbsp; LES IV\u00e8mes RENCONTRES IB\u00c9RIQUES DES HAUTS DE FRANCE &#8211; PORTUGAL &amp; ESPAGNE EN NORD PAS DE CALAIS PICARDIE &#8211; LILLE SECLIN V\u00e9ritable festival des Hauts de France, les rencontres Ib\u00e9riques r\u00e9unissent, associations, artistes, importateurs, structures et acteurs de la r\u00e9gion engag\u00e9s dans la promotion des Cultures Espagnole et Portugaise sous diverses [&hellip;]<\/p>\n","protected":false},"author":1,"featured_media":0,"parent":0,"menu_order":0,"comment_status":"closed","ping_status":"closed","template":"","meta":{"_mi_skip_tracking":false,"ngg_post_thumbnail":0},"yoast_head":"<!-- This site is optimized with the Yoast SEO plugin v18.9 - https:\/\/yoast.com\/wordpress\/plugins\/seo\/ -->\n<title>LE FESTIVAL 2-3-4 Novembre 2018 : LES IV\u00e8mes RENCONTRES IB\u00c9RIQUES DES HAUTS DE FRANCE - PORTUGAL &amp; ESPAGNE EN NORD PAS DE CALAIS PICARDIE LILLE SECLIN - Ib\u00e9rica Centre de Culture Art &amp; Danse<\/title>\n<meta name=\"robots\" content=\"index, follow, max-snippet:-1, max-image-preview:large, max-video-preview:-1\" \/>\n<link rel=\"canonical\" href=\"https:\/\/iberica.info\/index.php\/festival-2-3-4-novembre-2018-ivemes-rencontres-iberiques-hauts-de-france-portugal-espagne-nord-de-calais-picardie-lille-seclin\/\" \/>\n<meta property=\"og:locale\" content=\"fr_FR\" \/>\n<meta property=\"og:type\" content=\"article\" \/>\n<meta property=\"og:title\" content=\"LE FESTIVAL 2-3-4 Novembre 2018 : LES IV\u00e8mes RENCONTRES IB\u00c9RIQUES DES HAUTS DE FRANCE - PORTUGAL &amp; ESPAGNE EN NORD PAS DE CALAIS PICARDIE LILLE SECLIN - Ib\u00e9rica Centre de Culture Art &amp; Danse\" \/>\n<meta property=\"og:description\" content=\"FESTIVAL 2-3-4 novembre 2018&nbsp; LES IV\u00e8mes RENCONTRES IB\u00c9RIQUES DES HAUTS DE FRANCE &#8211; PORTUGAL &amp; ESPAGNE EN NORD PAS DE CALAIS PICARDIE &#8211; LILLE SECLIN V\u00e9ritable festival des Hauts de France, les rencontres Ib\u00e9riques r\u00e9unissent, associations, artistes, importateurs, structures et acteurs de la r\u00e9gion engag\u00e9s dans la promotion des Cultures Espagnole et Portugaise sous diverses [&hellip;]\" \/>\n<meta property=\"og:url\" content=\"https:\/\/iberica.info\/index.php\/festival-2-3-4-novembre-2018-ivemes-rencontres-iberiques-hauts-de-france-portugal-espagne-nord-de-calais-picardie-lille-seclin\/\" \/>\n<meta property=\"og:site_name\" content=\"Ib\u00e9rica Centre de Culture Art &amp; Danse\" \/>\n<meta property=\"article:publisher\" content=\"https:\/\/www.facebook.com\/iberica.nord\" \/>\n<meta property=\"article:modified_time\" content=\"2018-10-16T09:43:28+00:00\" \/>\n<meta name=\"twitter:card\" content=\"summary\" \/>\n<meta name=\"twitter:label1\" content=\"Dur\u00e9e de lecture estim\u00e9e\" \/>\n\t<meta name=\"twitter:data1\" content=\"3 minutes\" \/>\n<script type=\"application\/ld+json\" class=\"yoast-schema-graph\">{\"@context\":\"https:\/\/schema.org\",\"@graph\":[{\"@type\":\"WebSite\",\"@id\":\"https:\/\/iberica.info\/#website\",\"url\":\"https:\/\/iberica.info\/\",\"name\":\"Ib\u00e9rica Centre de Culture Art &amp; Danse\",\"description\":\"Flamenco Fado Gypsy Espagne Portugal Hauts de France - France\",\"potentialAction\":[{\"@type\":\"SearchAction\",\"target\":{\"@type\":\"EntryPoint\",\"urlTemplate\":\"https:\/\/iberica.info\/?s={search_term_string}\"},\"query-input\":\"required name=search_term_string\"}],\"inLanguage\":\"fr-FR\"},{\"@type\":\"WebPage\",\"@id\":\"https:\/\/iberica.info\/index.php\/festival-2-3-4-novembre-2018-ivemes-rencontres-iberiques-hauts-de-france-portugal-espagne-nord-de-calais-picardie-lille-seclin\/#webpage\",\"url\":\"https:\/\/iberica.info\/index.php\/festival-2-3-4-novembre-2018-ivemes-rencontres-iberiques-hauts-de-france-portugal-espagne-nord-de-calais-picardie-lille-seclin\/\",\"name\":\"LE FESTIVAL 2-3-4 Novembre 2018 : LES IV\u00e8mes RENCONTRES IB\u00c9RIQUES DES HAUTS DE FRANCE - PORTUGAL & ESPAGNE EN NORD PAS DE CALAIS PICARDIE LILLE SECLIN - Ib\u00e9rica Centre de Culture Art &amp; Danse\",\"isPartOf\":{\"@id\":\"https:\/\/iberica.info\/#website\"},\"datePublished\":\"2018-09-17T15:46:02+00:00\",\"dateModified\":\"2018-10-16T09:43:28+00:00\",\"breadcrumb\":{\"@id\":\"https:\/\/iberica.info\/index.php\/festival-2-3-4-novembre-2018-ivemes-rencontres-iberiques-hauts-de-france-portugal-espagne-nord-de-calais-picardie-lille-seclin\/#breadcrumb\"},\"inLanguage\":\"fr-FR\",\"potentialAction\":[{\"@type\":\"ReadAction\",\"target\":[\"https:\/\/iberica.info\/index.php\/festival-2-3-4-novembre-2018-ivemes-rencontres-iberiques-hauts-de-france-portugal-espagne-nord-de-calais-picardie-lille-seclin\/\"]}]},{\"@type\":\"BreadcrumbList\",\"@id\":\"https:\/\/iberica.info\/index.php\/festival-2-3-4-novembre-2018-ivemes-rencontres-iberiques-hauts-de-france-portugal-espagne-nord-de-calais-picardie-lille-seclin\/#breadcrumb\",\"itemListElement\":[{\"@type\":\"ListItem\",\"position\":1,\"name\":\"Accueil\",\"item\":\"https:\/\/iberica.info\/\"},{\"@type\":\"ListItem\",\"position\":2,\"name\":\"LE FESTIVAL 2-3-4 Novembre 2018 : LES IV\u00e8mes RENCONTRES IB\u00c9RIQUES DES HAUTS DE FRANCE &#8211; PORTUGAL &#038; ESPAGNE EN NORD PAS DE CALAIS PICARDIE LILLE SECLIN\"}]}]}<\/script>\n<!-- \/ Yoast SEO plugin. -->","yoast_head_json":{"title":"LE FESTIVAL 2-3-4 Novembre 2018 : LES IV\u00e8mes RENCONTRES IB\u00c9RIQUES DES HAUTS DE FRANCE - PORTUGAL & ESPAGNE EN NORD PAS DE CALAIS PICARDIE LILLE SECLIN - Ib\u00e9rica Centre de Culture Art &amp; Danse","robots":{"index":"index","follow":"follow","max-snippet":"max-snippet:-1","max-image-preview":"max-image-preview:large","max-video-preview":"max-video-preview:-1"},"canonical":"https:\/\/iberica.info\/index.php\/festival-2-3-4-novembre-2018-ivemes-rencontres-iberiques-hauts-de-france-portugal-espagne-nord-de-calais-picardie-lille-seclin\/","og_locale":"fr_FR","og_type":"article","og_title":"LE FESTIVAL 2-3-4 Novembre 2018 : LES IV\u00e8mes RENCONTRES IB\u00c9RIQUES DES HAUTS DE FRANCE - PORTUGAL & ESPAGNE EN NORD PAS DE CALAIS PICARDIE LILLE SECLIN - Ib\u00e9rica Centre de Culture Art &amp; Danse","og_description":"FESTIVAL 2-3-4 novembre 2018&nbsp; LES IV\u00e8mes RENCONTRES IB\u00c9RIQUES DES HAUTS DE FRANCE &#8211; PORTUGAL &amp; ESPAGNE EN NORD PAS DE CALAIS PICARDIE &#8211; LILLE SECLIN V\u00e9ritable festival des Hauts de France, les rencontres Ib\u00e9riques r\u00e9unissent, associations, artistes, importateurs, structures et acteurs de la r\u00e9gion engag\u00e9s dans la promotion des Cultures Espagnole et Portugaise sous diverses [&hellip;]","og_url":"https:\/\/iberica.info\/index.php\/festival-2-3-4-novembre-2018-ivemes-rencontres-iberiques-hauts-de-france-portugal-espagne-nord-de-calais-picardie-lille-seclin\/","og_site_name":"Ib\u00e9rica Centre de Culture Art &amp; Danse","article_publisher":"https:\/\/www.facebook.com\/iberica.nord","article_modified_time":"2018-10-16T09:43:28+00:00","twitter_card":"summary","twitter_misc":{"Dur\u00e9e de lecture estim\u00e9e":"3 minutes"},"schema":{"@context":"https:\/\/schema.org","@graph":[{"@type":"WebSite","@id":"https:\/\/iberica.info\/#website","url":"https:\/\/iberica.info\/","name":"Ib\u00e9rica Centre de Culture Art &amp; Danse","description":"Flamenco Fado Gypsy Espagne Portugal Hauts de France - France","potentialAction":[{"@type":"SearchAction","target":{"@type":"EntryPoint","urlTemplate":"https:\/\/iberica.info\/?s={search_term_string}"},"query-input":"required name=search_term_string"}],"inLanguage":"fr-FR"},{"@type":"WebPage","@id":"https:\/\/iberica.info\/index.php\/festival-2-3-4-novembre-2018-ivemes-rencontres-iberiques-hauts-de-france-portugal-espagne-nord-de-calais-picardie-lille-seclin\/#webpage","url":"https:\/\/iberica.info\/index.php\/festival-2-3-4-novembre-2018-ivemes-rencontres-iberiques-hauts-de-france-portugal-espagne-nord-de-calais-picardie-lille-seclin\/","name":"LE FESTIVAL 2-3-4 Novembre 2018 : LES IV\u00e8mes RENCONTRES IB\u00c9RIQUES DES HAUTS DE FRANCE - PORTUGAL & ESPAGNE EN NORD PAS DE CALAIS PICARDIE LILLE SECLIN - Ib\u00e9rica Centre de Culture Art &amp; Danse","isPartOf":{"@id":"https:\/\/iberica.info\/#website"},"datePublished":"2018-09-17T15:46:02+00:00","dateModified":"2018-10-16T09:43:28+00:00","breadcrumb":{"@id":"https:\/\/iberica.info\/index.php\/festival-2-3-4-novembre-2018-ivemes-rencontres-iberiques-hauts-de-france-portugal-espagne-nord-de-calais-picardie-lille-seclin\/#breadcrumb"},"inLanguage":"fr-FR","potentialAction":[{"@type":"ReadAction","target":["https:\/\/iberica.info\/index.php\/festival-2-3-4-novembre-2018-ivemes-rencontres-iberiques-hauts-de-france-portugal-espagne-nord-de-calais-picardie-lille-seclin\/"]}]},{"@type":"BreadcrumbList","@id":"https:\/\/iberica.info\/index.php\/festival-2-3-4-novembre-2018-ivemes-rencontres-iberiques-hauts-de-france-portugal-espagne-nord-de-calais-picardie-lille-seclin\/#breadcrumb","itemListElement":[{"@type":"ListItem","position":1,"name":"Accueil","item":"https:\/\/iberica.info\/"},{"@type":"ListItem","position":2,"name":"LE FESTIVAL 2-3-4 Novembre 2018 : LES IV\u00e8mes RENCONTRES IB\u00c9RIQUES DES HAUTS DE FRANCE &#8211; PORTUGAL &#038; ESPAGNE EN NORD PAS DE CALAIS PICARDIE LILLE SECLIN"}]}]}},"_links":{"self":[{"href":"https:\/\/iberica.info\/index.php\/wp-json\/wp\/v2\/pages\/501"}],"collection":[{"href":"https:\/\/iberica.info\/index.php\/wp-json\/wp\/v2\/pages"}],"about":[{"href":"https:\/\/iberica.info\/index.php\/wp-json\/wp\/v2\/types\/page"}],"author":[{"embeddable":true,"href":"https:\/\/iberica.info\/index.php\/wp-json\/wp\/v2\/users\/1"}],"replies":[{"embeddable":true,"href":"https:\/\/iberica.info\/index.php\/wp-json\/wp\/v2\/comments?post=501"}],"version-history":[{"count":6,"href":"https:\/\/iberica.info\/index.php\/wp-json\/wp\/v2\/pages\/501\/revisions"}],"predecessor-version":[{"id":553,"href":"https:\/\/iberica.info\/index.php\/wp-json\/wp\/v2\/pages\/501\/revisions\/553"}],"wp:attachment":[{"href":"https:\/\/iberica.info\/index.php\/wp-json\/wp\/v2\/media?parent=501"}],"curies":[{"name":"wp","href":"https:\/\/api.w.org\/{rel}","templated":true}]}}