{"id":510,"date":"2018-09-17T20:36:25","date_gmt":"2018-09-17T18:36:25","guid":{"rendered":"http:\/\/iberica.info\/?page_id=510"},"modified":"2024-11-12T10:14:07","modified_gmt":"2024-11-12T09:14:07","slug":"agenda-iberique-hauts-de-france","status":"publish","type":"page","link":"https:\/\/iberica.info\/index.php\/agenda-iberique-hauts-de-france\/","title":{"rendered":"AGENDA IB\u00c9RIQUE DES HAUTS DE FRANCE"},"content":{"rendered":"\n<p>CONCERTS SPECTACLES EVENEMENTS CULTURELS HAUTS DE FRANCE LILLE NORD<\/p>\n\n\n\n<hr class=\"wp-block-separator\"\/>\n\n\n\n<p><strong>SEPTEMBRE 2024<\/strong><\/p>\n\n\n\n<ul><li>07\/09 &#8211; 20H30 : DAVID VASCO &#8211; LA PEVELE DA LORENZO MONS EN PEVELE<\/li><li>11\/09 -19h30 : DAVID VASCO chez MADELEINE NOYELLES GODAULT<\/li><li>14\/09 : FORUM ASSOCIATIONS SECLIN<\/li><li>12\/09 &#8211; 18h30 : DAVID VASCO au VOLFONI ARRAS<\/li><li>19\/09 &#8211; 19h30 : DAVID VASCO au VOLFONI WAMBRECHIES<\/li><li>25\/09 -14-16h : ATELIER FLAMENCO ENFANTS BARLIN<\/li><\/ul>\n\n\n\n<p><strong>OCTOBRE 2024<\/strong><\/p>\n\n\n\n<ul><li>05\/10 &#8211; 20H30 : DAVID VASCO &#8211; LA PEVELE DA LORENZO MONS EN PEVELE&nbsp;<\/li><li>11\/10 : FESTA LUSA 4 &#8211; ZEN MOTORS SECLIN<\/li><li>12\/10 : LA RUMBA LATINA &#8211; BELGIQUE<\/li><li>13\/10 &#8211; 15h \u00e0 17h : DOMINGO FLAMENCO &#8211; Festival Lille Flamenca &#8211; AUBERGE DE JEUNESSE LILLEMENCO &#8211; Festival Lille Flamenca &#8211; AUBERGE DE JEUNESSE LILLE<\/li><\/ul>\n\n\n\n<p><strong>NOVEMBRE 2024<\/strong><\/p>\n\n\n\n<ul><li>09\/11 &#8211; 20H30 : DAVID VASCO &#8211; LA PEVELE DA LORENZO MONS EN PEVELE<\/li><li>07\/11 &#8211; 19h30 : DAVID VASCO au VOLFONI WAMBRECHIES<\/li><li>24\/11 -16H : LOS DE LA NOCHE &#8220;ALL STARS&#8221; &#8211; RECQUIGNIES<\/li><li>30\/11 &#8211; 14H30 : <a href=\"http:\/\/iberica.info\/index.php\/2024\/11\/12\/flamenco-marcq-en-baroeul-2024\/\">DUO PRESTA CONF\u00c9RENCE FLAMENCO &#8211; LA CORDERIE MARCQ EN BAROEUL<\/a><\/li><\/ul>\n\n\n\n<p><strong>D\u00c9CEMBRE 2024<\/strong><\/p>\n\n\n\n<ul><li>07\/12 &#8211; 20H30 : DAVID VASCO &#8211; LA PEVELE DA LORENZO MONS EN PEVELE<\/li><li>18\/12 -14-16h : ATELIER FLAMENCO ENFANTS BARLIN<\/li><\/ul>\n\n\n\n<hr class=\"wp-block-separator\"\/>\n\n\n\n<p><strong>JANVIER 2025<\/strong><\/p>\n\n\n\n<ul><li>&nbsp;26\/01 &#8211; 13H : ASSEMBL\u00c9E G\u00c9N\u00c9RALE PE\u00d1A ESTRELLA LILLE<\/li><li>26\/01 -15h \u00e0 17h: DOMINGO FLAMENCO &#8211; Festival Lille Flamenca &#8211; AUBERGE DE JEUNESSE LILLE<\/li><\/ul>\n\n\n\n<p><strong>MARS 2025<\/strong><\/p>\n\n\n\n<ul><li>&nbsp;23\/03 -15h \u00e0 17h: DOMINGO FLAMENCO &#8211; Festival Lille Flamenca &#8211; AUBERGE DE JEUNESSE LILLE<\/li><\/ul>\n\n\n\n<p><strong>JUIN 2025<\/strong><\/p>\n\n\n\n<ul><li>08\/06 -15h \u00e0 17h: DOMINGO FLAMENCO &#8211; Festival Lille Flamenca &#8211; AUBERGE DE JEUNESSE LILLE<\/li><\/ul>\n","protected":false},"excerpt":{"rendered":"<p>CONCERTS SPECTACLES EVENEMENTS CULTURELS HAUTS DE FRANCE LILLE NORD SEPTEMBRE 2024 07\/09 &#8211; 20H30 : DAVID VASCO &#8211; LA PEVELE DA LORENZO MONS EN PEVELE 11\/09 -19h30 : DAVID VASCO chez MADELEINE NOYELLES GODAULT 14\/09 : FORUM ASSOCIATIONS SECLIN 12\/09 &#8211; 18h30 : DAVID VASCO au VOLFONI ARRAS 19\/09 &#8211; 19h30 : DAVID VASCO au [&hellip;]<\/p>\n","protected":false},"author":1,"featured_media":0,"parent":0,"menu_order":0,"comment_status":"closed","ping_status":"closed","template":"","meta":{"_mi_skip_tracking":false,"ngg_post_thumbnail":0},"yoast_head":"<!-- This site is optimized with the Yoast SEO plugin v18.9 - https:\/\/yoast.com\/wordpress\/plugins\/seo\/ -->\n<title>AGENDA IB\u00c9RIQUE DES HAUTS DE FRANCE - Ib\u00e9rica Centre de Culture Art &amp; Danse<\/title>\n<meta name=\"robots\" content=\"index, follow, max-snippet:-1, max-image-preview:large, max-video-preview:-1\" \/>\n<link rel=\"canonical\" href=\"http:\/\/iberica.info\/index.php\/agenda-iberique-hauts-de-france\/\" \/>\n<meta property=\"og:locale\" content=\"fr_FR\" \/>\n<meta property=\"og:type\" content=\"article\" \/>\n<meta property=\"og:title\" content=\"AGENDA IB\u00c9RIQUE DES HAUTS DE FRANCE - Ib\u00e9rica Centre de Culture Art &amp; Danse\" \/>\n<meta property=\"og:description\" content=\"CONCERTS SPECTACLES EVENEMENTS CULTURELS HAUTS DE FRANCE LILLE NORD SEPTEMBRE 2024 07\/09 &#8211; 20H30 : DAVID VASCO &#8211; LA PEVELE DA LORENZO MONS EN PEVELE 11\/09 -19h30 : DAVID VASCO chez MADELEINE NOYELLES GODAULT 14\/09 : FORUM ASSOCIATIONS SECLIN 12\/09 &#8211; 18h30 : DAVID VASCO au VOLFONI ARRAS 19\/09 &#8211; 19h30 : DAVID VASCO au [&hellip;]\" \/>\n<meta property=\"og:url\" content=\"http:\/\/iberica.info\/index.php\/agenda-iberique-hauts-de-france\/\" \/>\n<meta property=\"og:site_name\" content=\"Ib\u00e9rica Centre de Culture Art &amp; Danse\" \/>\n<meta property=\"article:publisher\" content=\"https:\/\/www.facebook.com\/iberica.nord\" \/>\n<meta property=\"article:modified_time\" content=\"2024-11-12T09:14:07+00:00\" \/>\n<meta name=\"twitter:card\" content=\"summary\" \/>\n<meta name=\"twitter:label1\" content=\"Dur\u00e9e de lecture estim\u00e9e\" \/>\n\t<meta name=\"twitter:data1\" content=\"2 minutes\" \/>\n<script type=\"application\/ld+json\" class=\"yoast-schema-graph\">{\"@context\":\"https:\/\/schema.org\",\"@graph\":[{\"@type\":\"WebSite\",\"@id\":\"https:\/\/iberica.info\/#website\",\"url\":\"https:\/\/iberica.info\/\",\"name\":\"Ib\u00e9rica Centre de Culture Art &amp; Danse\",\"description\":\"Flamenco Fado Gypsy Espagne Portugal Hauts de France - France\",\"potentialAction\":[{\"@type\":\"SearchAction\",\"target\":{\"@type\":\"EntryPoint\",\"urlTemplate\":\"https:\/\/iberica.info\/?s={search_term_string}\"},\"query-input\":\"required name=search_term_string\"}],\"inLanguage\":\"fr-FR\"},{\"@type\":\"WebPage\",\"@id\":\"http:\/\/iberica.info\/index.php\/agenda-iberique-hauts-de-france\/#webpage\",\"url\":\"http:\/\/iberica.info\/index.php\/agenda-iberique-hauts-de-france\/\",\"name\":\"AGENDA IB\u00c9RIQUE DES HAUTS DE FRANCE - Ib\u00e9rica Centre de Culture Art &amp; Danse\",\"isPartOf\":{\"@id\":\"https:\/\/iberica.info\/#website\"},\"datePublished\":\"2018-09-17T18:36:25+00:00\",\"dateModified\":\"2024-11-12T09:14:07+00:00\",\"breadcrumb\":{\"@id\":\"http:\/\/iberica.info\/index.php\/agenda-iberique-hauts-de-france\/#breadcrumb\"},\"inLanguage\":\"fr-FR\",\"potentialAction\":[{\"@type\":\"ReadAction\",\"target\":[\"http:\/\/iberica.info\/index.php\/agenda-iberique-hauts-de-france\/\"]}]},{\"@type\":\"BreadcrumbList\",\"@id\":\"http:\/\/iberica.info\/index.php\/agenda-iberique-hauts-de-france\/#breadcrumb\",\"itemListElement\":[{\"@type\":\"ListItem\",\"position\":1,\"name\":\"Accueil\",\"item\":\"https:\/\/iberica.info\/\"},{\"@type\":\"ListItem\",\"position\":2,\"name\":\"AGENDA IB\u00c9RIQUE DES HAUTS DE FRANCE\"}]}]}<\/script>\n<!-- \/ Yoast SEO plugin. -->","yoast_head_json":{"title":"AGENDA IB\u00c9RIQUE DES HAUTS DE FRANCE - Ib\u00e9rica Centre de Culture Art &amp; Danse","robots":{"index":"index","follow":"follow","max-snippet":"max-snippet:-1","max-image-preview":"max-image-preview:large","max-video-preview":"max-video-preview:-1"},"canonical":"http:\/\/iberica.info\/index.php\/agenda-iberique-hauts-de-france\/","og_locale":"fr_FR","og_type":"article","og_title":"AGENDA IB\u00c9RIQUE DES HAUTS DE FRANCE - Ib\u00e9rica Centre de Culture Art &amp; Danse","og_description":"CONCERTS SPECTACLES EVENEMENTS CULTURELS HAUTS DE FRANCE LILLE NORD SEPTEMBRE 2024 07\/09 &#8211; 20H30 : DAVID VASCO &#8211; LA PEVELE DA LORENZO MONS EN PEVELE 11\/09 -19h30 : DAVID VASCO chez MADELEINE NOYELLES GODAULT 14\/09 : FORUM ASSOCIATIONS SECLIN 12\/09 &#8211; 18h30 : DAVID VASCO au VOLFONI ARRAS 19\/09 &#8211; 19h30 : DAVID VASCO au [&hellip;]","og_url":"http:\/\/iberica.info\/index.php\/agenda-iberique-hauts-de-france\/","og_site_name":"Ib\u00e9rica Centre de Culture Art &amp; Danse","article_publisher":"https:\/\/www.facebook.com\/iberica.nord","article_modified_time":"2024-11-12T09:14:07+00:00","twitter_card":"summary","twitter_misc":{"Dur\u00e9e de lecture estim\u00e9e":"2 minutes"},"schema":{"@context":"https:\/\/schema.org","@graph":[{"@type":"WebSite","@id":"https:\/\/iberica.info\/#website","url":"https:\/\/iberica.info\/","name":"Ib\u00e9rica Centre de Culture Art &amp; Danse","description":"Flamenco Fado Gypsy Espagne Portugal Hauts de France - France","potentialAction":[{"@type":"SearchAction","target":{"@type":"EntryPoint","urlTemplate":"https:\/\/iberica.info\/?s={search_term_string}"},"query-input":"required name=search_term_string"}],"inLanguage":"fr-FR"},{"@type":"WebPage","@id":"http:\/\/iberica.info\/index.php\/agenda-iberique-hauts-de-france\/#webpage","url":"http:\/\/iberica.info\/index.php\/agenda-iberique-hauts-de-france\/","name":"AGENDA IB\u00c9RIQUE DES HAUTS DE FRANCE - Ib\u00e9rica Centre de Culture Art &amp; Danse","isPartOf":{"@id":"https:\/\/iberica.info\/#website"},"datePublished":"2018-09-17T18:36:25+00:00","dateModified":"2024-11-12T09:14:07+00:00","breadcrumb":{"@id":"http:\/\/iberica.info\/index.php\/agenda-iberique-hauts-de-france\/#breadcrumb"},"inLanguage":"fr-FR","potentialAction":[{"@type":"ReadAction","target":["http:\/\/iberica.info\/index.php\/agenda-iberique-hauts-de-france\/"]}]},{"@type":"BreadcrumbList","@id":"http:\/\/iberica.info\/index.php\/agenda-iberique-hauts-de-france\/#breadcrumb","itemListElement":[{"@type":"ListItem","position":1,"name":"Accueil","item":"https:\/\/iberica.info\/"},{"@type":"ListItem","position":2,"name":"AGENDA IB\u00c9RIQUE DES HAUTS DE FRANCE"}]}]}},"_links":{"self":[{"href":"https:\/\/iberica.info\/index.php\/wp-json\/wp\/v2\/pages\/510"}],"collection":[{"href":"https:\/\/iberica.info\/index.php\/wp-json\/wp\/v2\/pages"}],"about":[{"href":"https:\/\/iberica.info\/index.php\/wp-json\/wp\/v2\/types\/page"}],"author":[{"embeddable":true,"href":"https:\/\/iberica.info\/index.php\/wp-json\/wp\/v2\/users\/1"}],"replies":[{"embeddable":true,"href":"https:\/\/iberica.info\/index.php\/wp-json\/wp\/v2\/comments?post=510"}],"version-history":[{"count":27,"href":"https:\/\/iberica.info\/index.php\/wp-json\/wp\/v2\/pages\/510\/revisions"}],"predecessor-version":[{"id":1588,"href":"https:\/\/iberica.info\/index.php\/wp-json\/wp\/v2\/pages\/510\/revisions\/1588"}],"wp:attachment":[{"href":"https:\/\/iberica.info\/index.php\/wp-json\/wp\/v2\/media?parent=510"}],"curies":[{"name":"wp","href":"https:\/\/api.w.org\/{rel}","templated":true}]}}