{"id":9,"date":"2017-06-15T20:15:28","date_gmt":"2017-06-15T18:15:28","guid":{"rendered":"http:\/\/iberica.info\/?page_id=9"},"modified":"2024-07-11T10:08:39","modified_gmt":"2024-07-11T08:08:39","slug":"contact","status":"publish","type":"page","link":"https:\/\/iberica.info\/index.php\/contact\/","title":{"rendered":"CONTACT \/ LIEU"},"content":{"rendered":"\n<h2><strong>NOUS CONTACTER<\/strong><\/h2>\n\n\n\n<p>T\u00e9l : + 33 (0)7 89 82 65 77\u00a0 \/\u00a0 M\u00e9l : iberica @ live.fr<\/p>\n\n\n\n<h2><strong>NOUS TROUVER<\/strong><\/h2>\n\n\n\n<h3 class=\"has-vivid-red-color has-text-color\"><strong>VENIR \u00e0 IB\u00c9RICA (PE\u00d1A SEDE de SECLIN &#8211; 10&#8242; de LILLE)<\/strong> <\/h3>\n\n\n\n<h5>(GPS : <strong>Latitude :<\/strong> 50.555096 | <strong>Longitude :<\/strong> 3.020231)<\/h5>\n\n\n\n<ul><li>Entrez dans le GPS : 154 rue des Martyrs de la r\u00e9sistance 59113 SECLIN <\/li><li>Empruntez A PIED : l&#8217;all\u00e9e \u00e0 droite du n\u00b0 154 (v\u00e9hicules interdits &#8211; sans stationner &#8211; sauf d\u00e9p\u00f4t de personnes \u00e0 mobilit\u00e9 r\u00e9duite) &#8211; NE PAS D\u00c9RANGER au 154 !<\/li><li>Au fond de l&#8217;all\u00e9e \u00e0 gauche &gt; 3\u00e8me b\u00e2timent sur la gauche face au Jardins Ouvriers<\/li><\/ul>\n\n\n\n<div class=\"wp-block-image size-large wp-image-690\"><figure class=\"aligncenter\"><img loading=\"lazy\" width=\"1024\" height=\"692\" src=\"http:\/\/iberica.info\/wp-content\/uploads\/2019\/08\/18-09-25-Plan-Iberica-2-1024x692.jpg\" alt=\"cabaret restaurant bar concert spectacle espagnol flamenco fado portugais lille seclin nord pas de calais hauts de france\" class=\"wp-image-690\" srcset=\"https:\/\/iberica.info\/wp-content\/uploads\/2019\/08\/18-09-25-Plan-Iberica-2-1024x692.jpg 1024w, https:\/\/iberica.info\/wp-content\/uploads\/2019\/08\/18-09-25-Plan-Iberica-2-300x203.jpg 300w, https:\/\/iberica.info\/wp-content\/uploads\/2019\/08\/18-09-25-Plan-Iberica-2-768x519.jpg 768w, https:\/\/iberica.info\/wp-content\/uploads\/2019\/08\/18-09-25-Plan-Iberica-2-750x507.jpg 750w\" sizes=\"(max-width: 1024px) 100vw, 1024px\" \/><figcaption>cabaret restaurant bar concert spectacle Espagnol flamenco fado Portugais Lille Seclin nord pas de Calais Hauts de France<\/figcaption><\/figure><\/div>\n\n\n\n<iframe src=\"https:\/\/www.google.com\/maps\/embed?pb=!1m18!1m12!1m3!1d5069.74612324996!2d3.0176917764908953!3d50.55513057982122!2m3!1f0!2f0!3f0!3m2!1i1024!2i768!4f13.1!3m3!1m2!1s0x47c2d360572a74c9%3A0x11633e580a68eb38!2sIB%C3%89RICA%2C%20Centre%20Culturel%20Ib%C3%A9rique%20des%20Hauts%20de%20France!5e0!3m2!1sfr!2sfr!4v1720685168555!5m2!1sfr!2sfr\" width=\"600\" height=\"450\" style=\"border:0;\" allowfullscreen=\"\" loading=\"lazy\" referrerpolicy=\"no-referrer-when-downgrade\"><\/iframe>\n\n\n\n<div style=\"height:40px\" aria-hidden=\"true\" class=\"wp-block-spacer\"><\/div>\n\n\n\n<figure class=\"wp-block-video aligncenter\"><video controls src=\"http:\/\/iberica.info\/wp-content\/uploads\/2024\/07\/2024-IB-VIDEO-PLAN-VENIR.mp4\"><\/video><\/figure>\n","protected":false},"excerpt":{"rendered":"<p>NOUS CONTACTER T\u00e9l : + 33 (0)7 89 82 65 77\u00a0 \/\u00a0 M\u00e9l : iberica @ live.fr NOUS TROUVER VENIR \u00e0 IB\u00c9RICA (PE\u00d1A SEDE de SECLIN &#8211; 10&#8242; de LILLE) (GPS : Latitude : 50.555096 | Longitude : 3.020231) Entrez dans le GPS : 154 rue des Martyrs de la r\u00e9sistance 59113 SECLIN Empruntez A [&hellip;]<\/p>\n","protected":false},"author":1,"featured_media":681,"parent":0,"menu_order":0,"comment_status":"closed","ping_status":"closed","template":"","meta":{"_mi_skip_tracking":false,"ngg_post_thumbnail":0},"yoast_head":"<!-- This site is optimized with the Yoast SEO plugin v18.9 - https:\/\/yoast.com\/wordpress\/plugins\/seo\/ -->\n<title>CONTACT \/ LIEU - Ib\u00e9rica Centre de Culture Art &amp; Danse<\/title>\n<meta name=\"robots\" content=\"index, follow, max-snippet:-1, max-image-preview:large, max-video-preview:-1\" \/>\n<link rel=\"canonical\" href=\"https:\/\/iberica.info\/index.php\/contact\/\" \/>\n<meta property=\"og:locale\" content=\"fr_FR\" \/>\n<meta property=\"og:type\" content=\"article\" \/>\n<meta property=\"og:title\" content=\"CONTACT \/ LIEU - Ib\u00e9rica Centre de Culture Art &amp; Danse\" \/>\n<meta property=\"og:description\" content=\"NOUS CONTACTER T\u00e9l : + 33 (0)7 89 82 65 77\u00a0 \/\u00a0 M\u00e9l : iberica @ live.fr NOUS TROUVER VENIR \u00e0 IB\u00c9RICA (PE\u00d1A SEDE de SECLIN &#8211; 10&#8242; de LILLE) (GPS : Latitude : 50.555096 | Longitude : 3.020231) Entrez dans le GPS : 154 rue des Martyrs de la r\u00e9sistance 59113 SECLIN Empruntez A [&hellip;]\" \/>\n<meta property=\"og:url\" content=\"https:\/\/iberica.info\/index.php\/contact\/\" \/>\n<meta property=\"og:site_name\" content=\"Ib\u00e9rica Centre de Culture Art &amp; Danse\" \/>\n<meta property=\"article:publisher\" content=\"https:\/\/www.facebook.com\/iberica.nord\" \/>\n<meta property=\"article:modified_time\" content=\"2024-07-11T08:08:39+00:00\" \/>\n<meta property=\"og:image\" content=\"https:\/\/iberica.info\/wp-content\/uploads\/2019\/08\/iberica-seclin-lille-salle-de-danse-repetition-groupe-r\u00e9sidence-3-1024x683.jpg\" \/>\n\t<meta property=\"og:image:width\" content=\"1024\" \/>\n\t<meta property=\"og:image:height\" content=\"683\" \/>\n\t<meta property=\"og:image:type\" content=\"image\/jpeg\" \/>\n<meta name=\"twitter:card\" content=\"summary\" \/>\n<meta name=\"twitter:label1\" content=\"Dur\u00e9e de lecture estim\u00e9e\" \/>\n\t<meta name=\"twitter:data1\" content=\"1 minute\" \/>\n<script type=\"application\/ld+json\" class=\"yoast-schema-graph\">{\"@context\":\"https:\/\/schema.org\",\"@graph\":[{\"@type\":\"WebSite\",\"@id\":\"https:\/\/iberica.info\/#website\",\"url\":\"https:\/\/iberica.info\/\",\"name\":\"Ib\u00e9rica Centre de Culture Art &amp; Danse\",\"description\":\"Flamenco Fado Gypsy Espagne Portugal Hauts de France - France\",\"potentialAction\":[{\"@type\":\"SearchAction\",\"target\":{\"@type\":\"EntryPoint\",\"urlTemplate\":\"https:\/\/iberica.info\/?s={search_term_string}\"},\"query-input\":\"required name=search_term_string\"}],\"inLanguage\":\"fr-FR\"},{\"@type\":\"ImageObject\",\"inLanguage\":\"fr-FR\",\"@id\":\"https:\/\/iberica.info\/index.php\/contact\/#primaryimage\",\"url\":\"https:\/\/iberica.info\/wp-content\/uploads\/2019\/08\/iberica-seclin-lille-salle-de-danse-repetition-groupe-r\u00e9sidence-3.jpg\",\"contentUrl\":\"https:\/\/iberica.info\/wp-content\/uploads\/2019\/08\/iberica-seclin-lille-salle-de-danse-repetition-groupe-r\u00e9sidence-3.jpg\",\"width\":4608,\"height\":3072,\"caption\":\"repetition residence artistes groupes seclin lille salle de danse repetition groupe salle de location\"},{\"@type\":\"WebPage\",\"@id\":\"https:\/\/iberica.info\/index.php\/contact\/#webpage\",\"url\":\"https:\/\/iberica.info\/index.php\/contact\/\",\"name\":\"CONTACT \/ LIEU - Ib\u00e9rica Centre de Culture Art &amp; Danse\",\"isPartOf\":{\"@id\":\"https:\/\/iberica.info\/#website\"},\"primaryImageOfPage\":{\"@id\":\"https:\/\/iberica.info\/index.php\/contact\/#primaryimage\"},\"datePublished\":\"2017-06-15T18:15:28+00:00\",\"dateModified\":\"2024-07-11T08:08:39+00:00\",\"breadcrumb\":{\"@id\":\"https:\/\/iberica.info\/index.php\/contact\/#breadcrumb\"},\"inLanguage\":\"fr-FR\",\"potentialAction\":[{\"@type\":\"ReadAction\",\"target\":[\"https:\/\/iberica.info\/index.php\/contact\/\"]}]},{\"@type\":\"BreadcrumbList\",\"@id\":\"https:\/\/iberica.info\/index.php\/contact\/#breadcrumb\",\"itemListElement\":[{\"@type\":\"ListItem\",\"position\":1,\"name\":\"Accueil\",\"item\":\"https:\/\/iberica.info\/\"},{\"@type\":\"ListItem\",\"position\":2,\"name\":\"CONTACT \/ LIEU\"}]}]}<\/script>\n<!-- \/ Yoast SEO plugin. -->","yoast_head_json":{"title":"CONTACT \/ LIEU - Ib\u00e9rica Centre de Culture Art &amp; Danse","robots":{"index":"index","follow":"follow","max-snippet":"max-snippet:-1","max-image-preview":"max-image-preview:large","max-video-preview":"max-video-preview:-1"},"canonical":"https:\/\/iberica.info\/index.php\/contact\/","og_locale":"fr_FR","og_type":"article","og_title":"CONTACT \/ LIEU - Ib\u00e9rica Centre de Culture Art &amp; Danse","og_description":"NOUS CONTACTER T\u00e9l : + 33 (0)7 89 82 65 77\u00a0 \/\u00a0 M\u00e9l : iberica @ live.fr NOUS TROUVER VENIR \u00e0 IB\u00c9RICA (PE\u00d1A SEDE de SECLIN &#8211; 10&#8242; de LILLE) (GPS : Latitude : 50.555096 | Longitude : 3.020231) Entrez dans le GPS : 154 rue des Martyrs de la r\u00e9sistance 59113 SECLIN Empruntez A [&hellip;]","og_url":"https:\/\/iberica.info\/index.php\/contact\/","og_site_name":"Ib\u00e9rica Centre de Culture Art &amp; Danse","article_publisher":"https:\/\/www.facebook.com\/iberica.nord","article_modified_time":"2024-07-11T08:08:39+00:00","og_image":[{"width":1024,"height":683,"url":"https:\/\/iberica.info\/wp-content\/uploads\/2019\/08\/iberica-seclin-lille-salle-de-danse-repetition-groupe-r\u00e9sidence-3-1024x683.jpg","type":"image\/jpeg"}],"twitter_card":"summary","twitter_misc":{"Dur\u00e9e de lecture estim\u00e9e":"1 minute"},"schema":{"@context":"https:\/\/schema.org","@graph":[{"@type":"WebSite","@id":"https:\/\/iberica.info\/#website","url":"https:\/\/iberica.info\/","name":"Ib\u00e9rica Centre de Culture Art &amp; Danse","description":"Flamenco Fado Gypsy Espagne Portugal Hauts de France - France","potentialAction":[{"@type":"SearchAction","target":{"@type":"EntryPoint","urlTemplate":"https:\/\/iberica.info\/?s={search_term_string}"},"query-input":"required name=search_term_string"}],"inLanguage":"fr-FR"},{"@type":"ImageObject","inLanguage":"fr-FR","@id":"https:\/\/iberica.info\/index.php\/contact\/#primaryimage","url":"https:\/\/iberica.info\/wp-content\/uploads\/2019\/08\/iberica-seclin-lille-salle-de-danse-repetition-groupe-r\u00e9sidence-3.jpg","contentUrl":"https:\/\/iberica.info\/wp-content\/uploads\/2019\/08\/iberica-seclin-lille-salle-de-danse-repetition-groupe-r\u00e9sidence-3.jpg","width":4608,"height":3072,"caption":"repetition residence artistes groupes seclin lille salle de danse repetition groupe salle de location"},{"@type":"WebPage","@id":"https:\/\/iberica.info\/index.php\/contact\/#webpage","url":"https:\/\/iberica.info\/index.php\/contact\/","name":"CONTACT \/ LIEU - Ib\u00e9rica Centre de Culture Art &amp; Danse","isPartOf":{"@id":"https:\/\/iberica.info\/#website"},"primaryImageOfPage":{"@id":"https:\/\/iberica.info\/index.php\/contact\/#primaryimage"},"datePublished":"2017-06-15T18:15:28+00:00","dateModified":"2024-07-11T08:08:39+00:00","breadcrumb":{"@id":"https:\/\/iberica.info\/index.php\/contact\/#breadcrumb"},"inLanguage":"fr-FR","potentialAction":[{"@type":"ReadAction","target":["https:\/\/iberica.info\/index.php\/contact\/"]}]},{"@type":"BreadcrumbList","@id":"https:\/\/iberica.info\/index.php\/contact\/#breadcrumb","itemListElement":[{"@type":"ListItem","position":1,"name":"Accueil","item":"https:\/\/iberica.info\/"},{"@type":"ListItem","position":2,"name":"CONTACT \/ LIEU"}]}]}},"_links":{"self":[{"href":"https:\/\/iberica.info\/index.php\/wp-json\/wp\/v2\/pages\/9"}],"collection":[{"href":"https:\/\/iberica.info\/index.php\/wp-json\/wp\/v2\/pages"}],"about":[{"href":"https:\/\/iberica.info\/index.php\/wp-json\/wp\/v2\/types\/page"}],"author":[{"embeddable":true,"href":"https:\/\/iberica.info\/index.php\/wp-json\/wp\/v2\/users\/1"}],"replies":[{"embeddable":true,"href":"https:\/\/iberica.info\/index.php\/wp-json\/wp\/v2\/comments?post=9"}],"version-history":[{"count":10,"href":"https:\/\/iberica.info\/index.php\/wp-json\/wp\/v2\/pages\/9\/revisions"}],"predecessor-version":[{"id":1516,"href":"https:\/\/iberica.info\/index.php\/wp-json\/wp\/v2\/pages\/9\/revisions\/1516"}],"wp:featuredmedia":[{"embeddable":true,"href":"https:\/\/iberica.info\/index.php\/wp-json\/wp\/v2\/media\/681"}],"wp:attachment":[{"href":"https:\/\/iberica.info\/index.php\/wp-json\/wp\/v2\/media?parent=9"}],"curies":[{"name":"wp","href":"https:\/\/api.w.org\/{rel}","templated":true}]}}